{"id":94,"date":"2025-12-30T08:46:37","date_gmt":"2025-12-30T07:46:37","guid":{"rendered":"https:\/\/www.vestral.sk\/radar\/?page_id=94"},"modified":"2025-12-30T09:07:43","modified_gmt":"2025-12-30T08:07:43","slug":"kalkulacka-zlozeneho-urocenia","status":"publish","type":"page","link":"https:\/\/www.vestral.sk\/radar\/kalkulacka-zlozeneho-urocenia","title":{"rendered":"Kalkula\u010dka zlo\u017een\u00e9ho \u00faro\u010denia"},"content":{"rendered":"<p><!DOCTYPE html><br \/>\n<html lang=\"sk\"><br \/>\n<head><br \/>\n    <meta charset=\"UTF-8\"><br \/>\n    <meta name=\"viewport\" content=\"width=device-width, initial-scale=1.0\"><br \/>\n    <title>Kalkula\u010dka Zlo\u017een\u00e9ho \u00daro\u010denia<\/title><\/p>\n<p>    <script src=\"https:\/\/cdn.jsdelivr.net\/npm\/chart.js@4.4.1\/dist\/chart.umd.min.js\"><\/script><br \/>\n    <script src=\"https:\/\/cdnjs.cloudflare.com\/ajax\/libs\/html2canvas\/1.4.1\/html2canvas.min.js\"><\/script><br \/>\n    <script src=\"https:\/\/cdnjs.cloudflare.com\/ajax\/libs\/jspdf\/2.5.1\/jspdf.umd.min.js\"><\/script><\/p>\n<link rel=\"stylesheet\" href=\"style.css\">\n<\/head><br \/>\n<body><\/p>\n<div class=\"compound-calculator-wrapper\">\n<h1>Kalkula\u010dka Zlo\u017een\u00e9ho \u00daro\u010denia (Investi\u010dn\u00e1)<\/h1>\n<div id=\"compoundInputForm\">\n<div class=\"vstupny-grid\">\n<div class=\"vstupny-skupina\">\n<h3>Vklad a Sadzba<\/h3>\n<div class=\"formular-riadok\">\n                        <label for=\"pociatocnyKapital\">Po\u010diato\u010dn\u00fd kapit\u00e1l (P)<\/label><br \/>\n                        <input type=\"number\" id=\"pociatocnyKapital\" value=\"1000\" min=\"0\" step=\"100\" required onchange=\"vypocitajZlozeneUrocenie();\" onkeyup=\"vypocitajZlozeneUrocenie();\"><br \/>\n                        <span class=\"jednotka\">\u20ac<\/span>\n                    <\/div>\n<div class=\"formular-riadok\">\n                        <label for=\"pravidelnyVklad\">Pravideln\u00fd mesa\u010dn\u00fd vklad (PMT)<\/label><br \/>\n                        <input type=\"number\" id=\"pravidelnyVklad\" value=\"100\" min=\"0\" step=\"10\" required onchange=\"vypocitajZlozeneUrocenie();\" onkeyup=\"vypocitajZlozeneUrocenie();\"><br \/>\n                        <span class=\"jednotka\">\u20ac<\/span>\n                    <\/div>\n<div class=\"formular-riadok\">\n                        <label for=\"urokovaSadzba\">Ro\u010dn\u00e1 \u00farokov\u00e1 sadzba (r)<\/label><br \/>\n                        <input type=\"number\" id=\"urokovaSadzba\" value=\"7.0\" min=\"0\" max=\"100\" step=\"0.1\" required onchange=\"vypocitajZlozeneUrocenie();\" onkeyup=\"vypocitajZlozeneUrocenie();\"><br \/>\n                        <span class=\"jednotka\">%<\/span>\n                    <\/div>\n<\/p><\/div>\n<div class=\"vstupny-skupina\">\n<h3>Frekvencia a Horizont<\/h3>\n<div class=\"formular-riadok\">\n                        <label for=\"casHorizont\">\u010casov\u00fd horizont (t)<\/label><br \/>\n                        <input type=\"number\" id=\"casHorizont\" value=\"20\" min=\"1\" max=\"60\" required onchange=\"vypocitajZlozeneUrocenie();\" onkeyup=\"vypocitajZlozeneUrocenie();\"><br \/>\n                        <span class=\"jednotka\">rokov<\/span>\n                    <\/div>\n<div class=\"formular-riadok\">\n                        <label for=\"frekvenciaUrocenia\">Frekvencia \u00faro\u010denia (n)<\/label><br \/>\n                        <select id=\"frekvenciaUrocenia\" onchange=\"vypocitajZlozeneUrocenie();\"><option value=\"12\">Mesa\u010dne (12)<\/option><option value=\"4\">\u0160tvr\u0165ro\u010dne (4)<\/option><option value=\"2\">Polro\u010dne (2)<\/option><option value=\"1\" selected>Ro\u010dne (1)<\/option><\/select><br \/>\n                        <span class=\"jednotka\"><\/span>\n                    <\/div>\n<div class=\"formular-riadok\">\n                        <label for=\"frekvenciaVkladu\">Frekvencia vkladu<\/label><br \/>\n                        <select id=\"frekvenciaVkladu\" onchange=\"vypocitajZlozeneUrocenie();\"><option value=\"12\" selected>Mesa\u010dne<\/option><option value=\"4\">\u0160tvr\u0165ro\u010dne<\/option><option value=\"1\">Ro\u010dne<\/option><option value=\"0\">\u017diadne (iba po\u010diato\u010dn\u00fd vklad)<\/option><\/select><br \/>\n                        <span class=\"jednotka\"><\/span>\n                    <\/div>\n<\/p><\/div>\n<\/p><\/div>\n<\/p><\/div>\n<div id=\"compoundResults\">\n<div class=\"vysledky-compound\">\n<h3>Fin\u00e1lny Sum\u00e1r<\/h3>\n<div class=\"sumar-riadok hlavny-vysledok\">\n                    <span>Kone\u010dn\u00e1 nasporen\u00e1 suma:<\/span><br \/>\n                    <strong id=\"vysledokCelkovaSuma\" style=\"color: #007bff; font-size: 1.6em;\">0.00 \u20ac<\/strong>\n                <\/div>\n<div class=\"sumar-riadok\">\n                    <span>Celkov\u00e9 vlo\u017een\u00e9 peniaze (Istina):<\/span><br \/>\n                    <span id=\"vysledokCelkovyVklad\">0.00 \u20ac<\/span>\n                <\/div>\n<div class=\"sumar-riadok\">\n                    <span>Celkov\u00fd \u00farok (Zisk zo z\u00faro\u010denia):<\/span><br \/>\n                    <span id=\"vysledokCelkovyUrok\">0.00 \u20ac<\/span>\n                <\/div>\n<\/p><\/div>\n<div id=\"compoundChart\" style=\"margin-top: 30px; padding: 20px; background: #fff; border-radius: 12px; box-shadow: 0 2px 10px rgba(0, 0, 0, 0.1);\">\n                <canvas id=\"compoundChartCanvas\"><\/canvas>\n            <\/div>\n<div class=\"tlacidlo-pokracovanie\">\n                 <a class=\"kalkulacne-tlacidlo\" href=\"#\" onclick=\"stiahnutPDF(event);\"><br \/>\n                    Stiahnu\u0165 PDF<br \/>\n                <\/a>\n            <\/div>\n<\/p><\/div>\n<\/p><\/div>\n<div id=\"pdfFooter\" class=\"pdf-footer-text\">\n        Vytvoren\u00e9 pomocou investi\u010dnej kalkula\u010dky na **www.financnyradar.sk**\n    <\/div>\n<p>    <script src=\"script.js\"><\/script><\/p>\n<p><\/body><br \/>\n<\/html><\/p>\n","protected":false},"excerpt":{"rendered":"<p>Kalkula\u010dka Zlo\u017een\u00e9ho \u00daro\u010denia Kalkula\u010dka Zlo\u017een\u00e9ho \u00daro\u010denia (Investi\u010dn\u00e1) Vklad a Sadzba Po\u010diato\u010dn\u00fd kapit\u00e1l (P) \u20ac Pravideln\u00fd mesa\u010dn\u00fd vklad (PMT) \u20ac Ro\u010dn\u00e1 \u00farokov\u00e1 sadzba (r) % Frekvencia a Horizont \u010casov\u00fd horizont (t) rokov Frekvencia \u00faro\u010denia (n) Mesa\u010dne (12)\u0160tvr\u0165ro\u010dne (4)Polro\u010dne (2)Ro\u010dne (1) Frekvencia vkladu Mesa\u010dne\u0160tvr\u0165ro\u010dneRo\u010dne\u017diadne (iba po\u010diato\u010dn\u00fd vklad) Fin\u00e1lny Sum\u00e1r Kone\u010dn\u00e1 nasporen\u00e1 suma: 0.00 \u20ac Celkov\u00e9 vlo\u017een\u00e9 peniaze [&hellip;]<\/p>\n","protected":false},"author":1,"featured_media":0,"parent":0,"menu_order":0,"comment_status":"closed","ping_status":"closed","template":"","meta":{"footnotes":""},"class_list":["post-94","page","type-page","status-publish","hentry"],"_links":{"self":[{"href":"https:\/\/www.vestral.sk\/radar\/wp-json\/wp\/v2\/pages\/94","targetHints":{"allow":["GET"]}}],"collection":[{"href":"https:\/\/www.vestral.sk\/radar\/wp-json\/wp\/v2\/pages"}],"about":[{"href":"https:\/\/www.vestral.sk\/radar\/wp-json\/wp\/v2\/types\/page"}],"author":[{"embeddable":true,"href":"https:\/\/www.vestral.sk\/radar\/wp-json\/wp\/v2\/users\/1"}],"replies":[{"embeddable":true,"href":"https:\/\/www.vestral.sk\/radar\/wp-json\/wp\/v2\/comments?post=94"}],"version-history":[{"count":10,"href":"https:\/\/www.vestral.sk\/radar\/wp-json\/wp\/v2\/pages\/94\/revisions"}],"predecessor-version":[{"id":108,"href":"https:\/\/www.vestral.sk\/radar\/wp-json\/wp\/v2\/pages\/94\/revisions\/108"}],"wp:attachment":[{"href":"https:\/\/www.vestral.sk\/radar\/wp-json\/wp\/v2\/media?parent=94"}],"curies":[{"name":"wp","href":"https:\/\/api.w.org\/{rel}","templated":true}]}}