{"id":69,"date":"2025-12-29T20:46:55","date_gmt":"2025-12-29T19:46:55","guid":{"rendered":"https:\/\/www.vestral.sk\/radar\/?page_id=69"},"modified":"2025-12-29T22:34:25","modified_gmt":"2025-12-29T21:34:25","slug":"hypotekarna-kalkulacka-s-rpmn","status":"publish","type":"page","link":"https:\/\/www.vestral.sk\/radar\/hypotekarna-kalkulacka-s-rpmn","title":{"rendered":"Hypotek\u00e1rna kalkula\u010dka s RPMN"},"content":{"rendered":"<div class=\"hypo-kalkulacka-wrapper\">\n<h2>Hypotek\u00e1rna Kalkula\u010dka s RPMN<\/h2>\n<div id=\"hypoInputForm\">\n<div class=\"vstupny-grid\">\n<div class=\"vstupny-skupina\">\n<h3>Parametre hypot\u00e9ky<\/h3>\n<div class=\"formular-riadok\">\n                    <label for=\"hypoVyska\">V\u00fd\u0161ka hypot\u00e9ky<\/label><br \/>\n                    <input type=\"number\" id=\"hypoVyska\" value=\"100000\" min=\"1000\"><br \/>\n                    <span class=\"jednotka\">\u20ac<\/span>\n                <\/div>\n<div class=\"formular-riadok\">\n                    <label>Splatnos\u0165 hypot\u00e9ky<\/label><\/p>\n<div class=\"splatnost-inputy\">\n                        <input type=\"number\" id=\"hypoSplatnostRoky\" value=\"30\" min=\"0\" max=\"40\"><br \/>\n                        <span class=\"jednotka-mala\">rok.<\/span><br \/>\n                        <input type=\"number\" id=\"hypoSplatnostMesiace\" value=\"0\" min=\"0\" max=\"11\"><br \/>\n                        <span class=\"jednotka-mala\">mes.<\/span>\n                    <\/div>\n<\/p><\/div>\n<div class=\"formular-riadok\">\n                    <label for=\"hypoDatumSpl\u00e1tky\">D\u00e1tum spl\u00e1tky (DD.MM.RRRR)<\/label><br \/>\n                    <input type=\"date\" id=\"hypoDatumSpl\u00e1tky\" style=\"width: 120px;\"><br \/>\n                    <span class=\"jednotka\"><\/span>\n                <\/div>\n<div class=\"formular-riadok\">\n                    <label for=\"hypoBazaUrocenia\">B\u00e1za \u00faro\u010denia<\/label><br \/>\n                    <select id=\"hypoBazaUrocenia\" style=\"width: 100px;\"><option value=\"360\/360\">30\/360<\/option><option value=\"ACT\/360\" selected>ACT\/360<\/option><\/select><br \/>\n                    <span class=\"jednotka\"><\/span>\n                <\/div>\n<\/p><\/div>\n<div class=\"vstupny-skupina\">\n<h3>Parametre banky<\/h3>\n<div class=\"formular-riadok\">\n                    <label for=\"hypoUrokovaSadzba\">Nomin\u00e1lna \u00farokov\u00e1 sadzba<\/label><br \/>\n                    <input type=\"number\" id=\"hypoUrokovaSadzba\" value=\"4.5\" min=\"0\" step=\"0.01\"><br \/>\n                    <span class=\"jednotka\">%<\/span>\n                <\/div>\n<div class=\"formular-riadok\">\n                    <label for=\"hypoMesacnePoplatky\">Mesa\u010dn\u00e9 poplatky (\u00da\u010det \/ In\u00e9)<\/label><br \/>\n                    <input type=\"number\" id=\"hypoMesacnePoplatky\" value=\"5.00\" min=\"0\" step=\"0.01\"><br \/>\n                    <span class=\"jednotka\">\u20ac<\/span>\n                <\/div>\n<div class=\"formular-riadok\">\n                    <label for=\"hypoJednorazovePoplatky\">Jednor\u00e1zov\u00e9 poplatky (Spr. \u00faveru)<\/label><br \/>\n                    <input type=\"number\" id=\"hypoJednorazovePoplatky\" value=\"500.00\" min=\"0\" step=\"0.01\"><br \/>\n                    <span class=\"jednotka\">\u20ac<\/span>\n                <\/div>\n<div class=\"formular-riadok\" style=\"margin-top: 30px; border-top: 1px dashed #ddd; padding-top: 15px;\">\n                    <label for=\"hypoInputRMPN\" title=\"Ak zad\u00e1te RPMN, t\u00e1to hodnota prep\u00ed\u0161e nomin\u00e1lnu \u00farokov\u00fa sadzbu pre v\u00fdpo\u010det spl\u00e1tky.\">Chcem meni\u0165 RPMN<\/label><br \/>\n                    <input type=\"number\" id=\"hypoInputRMPN\" value=\"\" min=\"0\" step=\"0.01\" placeholder=\"Volite\u013en\u00e9\"><br \/>\n                    <span class=\"jednotka\">%<\/span>\n                <\/div>\n<\/p><\/div>\n<\/p><\/div>\n<p>        <button class=\"kalkulacne-tlacidlo\" onclick=\"vypocitajHypoteku(true);\"><br \/>\n            Vypo\u010d\u00edta\u0165 hypot\u00e9ku<br \/>\n        <\/button>\n    <\/div>\n<div id=\"hypoResults\" style=\"display: none;\">\n<p>        <button class=\"tlacidlo-spat\" onclick=\"zobrazFormular();\"><br \/>\n            \u2190 Sp\u00e4\u0165 na formul\u00e1r<br \/>\n        <\/button><\/p>\n<div class=\"hypo-export-content-area\">\n<div class=\"vysledky-hypo\">\n<h3>V\u00fdpo\u010det hypot\u00e9ky (Sum\u00e1r)<\/h3>\n<div class=\"sumar-riadok\" id=\"riadokRMPN\">\n                    <span>RPMN:<\/span><br \/>\n                    <strong id=\"hypoVysledokRMPN\" style=\"color: #dc3545;\">0.00<\/strong><br \/>\n                    <span class=\"jednotka\">%<\/span>\n                <\/div>\n<div class=\"sumar-riadok\">\n                    <span>Mesa\u010dn\u00e1 spl\u00e1tka (Istina + \u00darok + Poplatky):<\/span><br \/>\n                    <span id=\"vysledokMesacnaSplatka\">0.00 \u20ac<\/span>\n                <\/div>\n<div class=\"sumar-riadok\">\n                    <span>Poplatky celkom (mesa\u010dn\u00e9 + jednor\u00e1zov\u00e9):<\/span><br \/>\n                    <span id=\"vysledokPoplatkyCelkom\">0.00 \u20ac<\/span>\n                <\/div>\n<div class=\"sumar-riadok\">\n                    <span>\u00daroky celkom (Zaplat\u00edte banke na \u00farokoch):<\/span><br \/>\n                    <span id=\"vysledokUrokyCelkom\">0.00 \u20ac<\/span>\n                <\/div>\n<div class=\"sumar-riadok\">\n                    <span>Zaplaten\u00e9 celkom (Hypot\u00e9ka + \u00daroky + Poplatky):<\/span><br \/>\n                    <strong id=\"vysledokZaplaten\u00e9Celkom\">0.00 \u20ac<\/strong>\n                <\/div>\n<\/p><\/div>\n<\/p><\/div>\n<p>        <a id=\"tlacidloCtaHypo\" class=\"kalkulacne-tlacidlo\" href=\"https:\/\/www.vestral.sk\/radar\/kontakt\" target=\"_blank\" style=\"max-width: 1200px; margin: 30px auto; background-color: #28a745;\"><br \/>\n            Zn\u00ed\u017ete si spl\u00e1tku hypot\u00e9ky kliknut\u00edm<br \/>\n        <\/a><\/p>\n<div class=\"kalendar-navigacia\">\n            <button id=\"prevYearButton\" onclick=\"changeKalendarYear(-1);\">\u2190 Predch\u00e1dzaj\u00faci rok<\/button><br \/>\n            <span><br \/>\n                Ro\u010dn\u00fd sum\u00e1r: <input type=\"number\" id=\"currentKalendarYearInput\" value=\"1\" onchange=\"changeKalendarYear(0, true);\" min=\"1\" max=\"40\"><br \/>\n                <span id=\"totalYearsSpan\">\/ 0<\/span><br \/>\n            <\/span><br \/>\n            <button id=\"nextYearButton\" onclick=\"changeKalendarYear(1);\">Nasleduj\u00faci rok \u2192<\/button>\n        <\/div>\n<div class=\"splatkovy-kalendar-wrapper\">\n<table class=\"kalendar-table\">\n<thead>\n<tr>\n<th>Spl\u00e1tka<\/th>\n<th>D\u00e1tum<\/th>\n<th>Zostatok (start)<\/th>\n<th>Mesa\u010dn\u00e1 spl\u00e1tka (spolu)<\/th>\n<th>Poplatky<\/th>\n<th>Istina (splaten\u00e1)<\/th>\n<th>\u00darok (zap.)<\/th>\n<th>Istina (kumul.)<\/th>\n<th>\u00darok (kumul.)<\/th>\n<th>Zostatok (end)<\/th>\n<\/tr>\n<\/thead>\n<tbody id=\"kalendarTableBody\">\n                    <\/tbody>\n<tfoot id=\"kalendarTableFoot\">\n                    <\/tfoot>\n<\/table><\/div>\n<\/p><\/div>\n<\/div>\n","protected":false},"excerpt":{"rendered":"<p>Hypotek\u00e1rna Kalkula\u010dka s RPMN Parametre hypot\u00e9ky V\u00fd\u0161ka hypot\u00e9ky \u20ac Splatnos\u0165 hypot\u00e9ky rok. mes. D\u00e1tum spl\u00e1tky (DD.MM.RRRR) B\u00e1za \u00faro\u010denia 30\/360ACT\/360 Parametre banky Nomin\u00e1lna \u00farokov\u00e1 sadzba % Mesa\u010dn\u00e9 poplatky (\u00da\u010det \/ In\u00e9) \u20ac Jednor\u00e1zov\u00e9 poplatky (Spr. \u00faveru) \u20ac Chcem meni\u0165 RPMN % Vypo\u010d\u00edta\u0165 hypot\u00e9ku \u2190 Sp\u00e4\u0165 na formul\u00e1r V\u00fdpo\u010det hypot\u00e9ky (Sum\u00e1r) RPMN: 0.00 % Mesa\u010dn\u00e1 spl\u00e1tka (Istina [&hellip;]<\/p>\n","protected":false},"author":1,"featured_media":0,"parent":0,"menu_order":0,"comment_status":"closed","ping_status":"closed","template":"","meta":{"footnotes":""},"class_list":["post-69","page","type-page","status-publish","hentry"],"_links":{"self":[{"href":"https:\/\/www.vestral.sk\/radar\/wp-json\/wp\/v2\/pages\/69","targetHints":{"allow":["GET"]}}],"collection":[{"href":"https:\/\/www.vestral.sk\/radar\/wp-json\/wp\/v2\/pages"}],"about":[{"href":"https:\/\/www.vestral.sk\/radar\/wp-json\/wp\/v2\/types\/page"}],"author":[{"embeddable":true,"href":"https:\/\/www.vestral.sk\/radar\/wp-json\/wp\/v2\/users\/1"}],"replies":[{"embeddable":true,"href":"https:\/\/www.vestral.sk\/radar\/wp-json\/wp\/v2\/comments?post=69"}],"version-history":[{"count":20,"href":"https:\/\/www.vestral.sk\/radar\/wp-json\/wp\/v2\/pages\/69\/revisions"}],"predecessor-version":[{"id":93,"href":"https:\/\/www.vestral.sk\/radar\/wp-json\/wp\/v2\/pages\/69\/revisions\/93"}],"wp:attachment":[{"href":"https:\/\/www.vestral.sk\/radar\/wp-json\/wp\/v2\/media?parent=69"}],"curies":[{"name":"wp","href":"https:\/\/api.w.org\/{rel}","templated":true}]}}