{"id":62,"date":"2025-12-29T19:56:58","date_gmt":"2025-12-29T18:56:58","guid":{"rendered":"https:\/\/www.vestral.sk\/radar\/?page_id=62"},"modified":"2026-01-21T12:37:57","modified_gmt":"2026-01-21T11:37:57","slug":"porovnavac-moznosti","status":"publish","type":"page","link":"https:\/\/www.vestral.sk\/radar\/porovnavac-moznosti","title":{"rendered":"Investi\u010dn\u00e9 Porovnanie"},"content":{"rendered":"<div class=\"porovnavacia-kalkulacka-wrapper porovnavanie-export-area\">\n<h2>Investi\u010dn\u00e9 Porovnanie s poplatkami<\/h2>\n<div class=\"inputy-porovnanie\">\n<div class=\"moznost-blok\" data-id=\"1\">\n            <input type=\"text\" class=\"moznost-nadpis\" value=\"Mo\u017enos\u0165 1\" oninput=\"vypocitajVsetkyPorovnanie();\"><br \/>\n            <button class=\"tlacidlo-odstranit\" onclick=\"odstranPorovnanieMoznost(1)\">\u00d7<\/button><\/p>\n<div class=\"moznost-input-grid\">\n<div>\n                    <label>Po\u010diato\u010dn\u00e1 invest\u00edcia (\u20ac)<\/label><br \/>\n                    <input type=\"number\" id=\"cmp_P_1\" value=\"1000\" min=\"0\" oninput=\"vypocitajVsetkyPorovnanie();\">\n                <\/div>\n<div>\n                    <label>Mesa\u010dne investujem (\u20ac)<\/label><br \/>\n                    <input type=\"number\" id=\"cmp_PMT_1\" value=\"100\" min=\"0\" oninput=\"vypocitajVsetkyPorovnanie();\">\n                <\/div>\n<div>\n                    <label>Horizont (roky)<\/label><br \/>\n                    <input type=\"number\" id=\"cmp_T_1\" value=\"10\" min=\"1\" max=\"60\" oninput=\"vypocitajVsetkyPorovnanie();\">\n                <\/div>\n<div>\n                    <label>Ro\u010dn\u00fd v\u00fdnos (%)<\/label><br \/>\n                    <input type=\"number\" id=\"cmp_R_1\" value=\"7\" min=\"0\" step=\"0.1\" oninput=\"vypocitajVsetkyPorovnanie();\">\n                <\/div>\n<div>\n                    <label>Spr\u00e1vcovsk\u00fd p.a. (%)<\/label><br \/>\n                    <input type=\"number\" id=\"cmp_Mgmt_1\" value=\"1.0\" min=\"0\" step=\"0.01\" oninput=\"vypocitajVsetkyPorovnanie();\">\n                <\/div>\n<div>\n                    <label>Transak\u010dn\u00fd p.m. (\u20ac)<\/label><br \/>\n                    <input type=\"number\" id=\"cmp_Trans_1\" value=\"0\" min=\"0\" step=\"0.1\" oninput=\"vypocitajVsetkyPorovnanie();\">\n                <\/div>\n<div>\n                    <label>Vstupn\u00fd poplatok (%)<\/label><br \/>\n                    <input type=\"number\" id=\"cmp_Entry_1\" value=\"0\" min=\"0\" step=\"0.1\" oninput=\"vypocitajVsetkyPorovnanie();\">\n                <\/div>\n<div>\n                    <label>Z v\u00fdkonnosti (%)<\/label><br \/>\n                    <input type=\"number\" id=\"cmp_Perf_1\" value=\"0\" min=\"0\" step=\"1\" oninput=\"vypocitajVsetkyPorovnanie();\">\n                <\/div>\n<\/p><\/div>\n<\/p><\/div>\n<div class=\"moznost-blok\" data-id=\"2\">\n            <input type=\"text\" class=\"moznost-nadpis\" value=\"Mo\u017enos\u0165 2\" oninput=\"vypocitajVsetkyPorovnanie();\"><br \/>\n            <button class=\"tlacidlo-odstranit\" onclick=\"odstranPorovnanieMoznost(2)\">\u00d7<\/button><\/p>\n<div class=\"moznost-input-grid\">\n<div>\n                    <label>Po\u010diato\u010dn\u00e1 invest\u00edcia (\u20ac)<\/label><br \/>\n                    <input type=\"number\" id=\"cmp_P_2\" value=\"1000\" min=\"0\" oninput=\"vypocitajVsetkyPorovnanie();\">\n                <\/div>\n<div>\n                    <label>Mesa\u010dne investujem (\u20ac)<\/label><br \/>\n                    <input type=\"number\" id=\"cmp_PMT_2\" value=\"100\" min=\"0\" oninput=\"vypocitajVsetkyPorovnanie();\">\n                <\/div>\n<div>\n                    <label>Horizont (roky)<\/label><br \/>\n                    <input type=\"number\" id=\"cmp_T_2\" value=\"10\" min=\"1\" max=\"60\" oninput=\"vypocitajVsetkyPorovnanie();\">\n                <\/div>\n<div>\n                    <label>Ro\u010dn\u00fd v\u00fdnos (%)<\/label><br \/>\n                    <input type=\"number\" id=\"cmp_R_2\" value=\"8\" min=\"0\" step=\"0.1\" oninput=\"vypocitajVsetkyPorovnanie();\">\n                <\/div>\n<div>\n                    <label>Spr\u00e1vcovsk\u00fd p.a. (%)<\/label><br \/>\n                    <input type=\"number\" id=\"cmp_Mgmt_2\" value=\"0.2\" min=\"0\" step=\"0.01\" oninput=\"vypocitajVsetkyPorovnanie();\">\n                <\/div>\n<div>\n                    <label>Transak\u010dn\u00fd p.m. (\u20ac)<\/label><br \/>\n                    <input type=\"number\" id=\"cmp_Trans_2\" value=\"0\" min=\"0\" step=\"0.1\" oninput=\"vypocitajVsetkyPorovnanie();\">\n                <\/div>\n<div>\n                    <label>Vstupn\u00fd poplatok (%)<\/label><br \/>\n                    <input type=\"number\" id=\"cmp_Entry_2\" value=\"0\" min=\"0\" step=\"0.1\" oninput=\"vypocitajVsetkyPorovnanie();\">\n                <\/div>\n<div>\n                    <label>Z v\u00fdkonnosti (%)<\/label><br \/>\n                    <input type=\"number\" id=\"cmp_Perf_2\" value=\"0\" min=\"0\" step=\"1\" oninput=\"vypocitajVsetkyPorovnanie();\">\n                <\/div>\n<\/p><\/div>\n<\/p><\/div>\n<\/p><\/div>\n<p>    <button class=\"pridat-moznost-tlacidlo\" onclick=\"pridajPorovnanieMoznost();\">+ Prida\u0165 mo\u017enos\u0165<\/button><\/p>\n<div class=\"graf-container\">\n        <canvas id=\"porovnavaciGrafCanvas\"><\/canvas>\n    <\/div>\n<div class=\"vysledky-porovnanie-blok\">\n<h3>Zhrnutie a Anal\u00fdza<\/h3>\n<div id=\"vysledkyPorovnaniaZhrnutie\"><\/div>\n<div id=\"najlepsiaMoznostPorovnanieText\">Anal\u00fdza: Zadajte vstupn\u00e9 hodnoty.<\/div>\n<\/p><\/div>\n<p>    <button id=\"tlacidloPdfPorovnanie\" type=\"button\">\ud83d\udcbe Ulo\u017ei\u0165 porovnanie ako PDF<\/button><\/p>\n<div id=\"pdfPorovnanieFooterText\">Vytvoren\u00e9 na www.financnyradar.sk<\/div>\n<\/div>\n","protected":false},"excerpt":{"rendered":"<p>Investi\u010dn\u00e9 Porovnanie s poplatkami \u00d7 Po\u010diato\u010dn\u00e1 invest\u00edcia (\u20ac) Mesa\u010dne investujem (\u20ac) Horizont (roky) Ro\u010dn\u00fd v\u00fdnos (%) Spr\u00e1vcovsk\u00fd p.a. (%) Transak\u010dn\u00fd p.m. (\u20ac) Vstupn\u00fd poplatok (%) Z v\u00fdkonnosti (%) \u00d7 Po\u010diato\u010dn\u00e1 invest\u00edcia (\u20ac) Mesa\u010dne investujem (\u20ac) Horizont (roky) Ro\u010dn\u00fd v\u00fdnos (%) Spr\u00e1vcovsk\u00fd p.a. (%) Transak\u010dn\u00fd p.m. (\u20ac) Vstupn\u00fd poplatok (%) Z v\u00fdkonnosti (%) + Prida\u0165 mo\u017enos\u0165 [&hellip;]<\/p>\n","protected":false},"author":1,"featured_media":0,"parent":0,"menu_order":0,"comment_status":"closed","ping_status":"closed","template":"","meta":{"footnotes":""},"class_list":["post-62","page","type-page","status-publish","hentry"],"_links":{"self":[{"href":"https:\/\/www.vestral.sk\/radar\/wp-json\/wp\/v2\/pages\/62","targetHints":{"allow":["GET"]}}],"collection":[{"href":"https:\/\/www.vestral.sk\/radar\/wp-json\/wp\/v2\/pages"}],"about":[{"href":"https:\/\/www.vestral.sk\/radar\/wp-json\/wp\/v2\/types\/page"}],"author":[{"embeddable":true,"href":"https:\/\/www.vestral.sk\/radar\/wp-json\/wp\/v2\/users\/1"}],"replies":[{"embeddable":true,"href":"https:\/\/www.vestral.sk\/radar\/wp-json\/wp\/v2\/comments?post=62"}],"version-history":[{"count":6,"href":"https:\/\/www.vestral.sk\/radar\/wp-json\/wp\/v2\/pages\/62\/revisions"}],"predecessor-version":[{"id":150,"href":"https:\/\/www.vestral.sk\/radar\/wp-json\/wp\/v2\/pages\/62\/revisions\/150"}],"wp:attachment":[{"href":"https:\/\/www.vestral.sk\/radar\/wp-json\/wp\/v2\/media?parent=62"}],"curies":[{"name":"wp","href":"https:\/\/api.w.org\/{rel}","templated":true}]}}