{"id":22,"date":"2025-12-29T10:13:21","date_gmt":"2025-12-29T09:13:21","guid":{"rendered":"https:\/\/www.vestral.sk\/radar\/?page_id=22"},"modified":"2026-01-24T10:22:18","modified_gmt":"2026-01-24T09:22:18","slug":"investicna-kalkulacka","status":"publish","type":"page","link":"https:\/\/www.vestral.sk\/radar\/investicna-kalkulacka","title":{"rendered":"Investi\u010dn\u00e1 kalkula\u010dka"},"content":{"rendered":"<div class=\"investicna-kalkulacka kalkulacka-export-area\">\n<h2 style=\"text-align:center;\">Investi\u010dn\u00e1 Kalkula\u010dka<\/h2>\n<div class=\"vstupny-blok\">\n<div>\n            <label>Po\u010diato\u010dn\u00e1 invest\u00edcia (\u20ac)<\/label><br \/>\n            <input type=\"number\" id=\"pociatocnaInvesticia\" value=\"1000\">\n        <\/div>\n<div>\n            <label>Mesa\u010dn\u00fd vklad (\u20ac)<\/label><br \/>\n            <input type=\"number\" id=\"mesacnyVklad\" value=\"100\">\n        <\/div>\n<div>\n            <label>Horizont (roky)<\/label><br \/>\n            <input type=\"number\" id=\"roky\" value=\"10\">\n        <\/div>\n<div>\n            <label>Ro\u010dn\u00fd v\u00fdnos (%)<\/label><br \/>\n            <input type=\"number\" id=\"vynos\" value=\"8\" step=\"0.1\">\n        <\/div>\n<div>\n            <label>Spr\u00e1vcovsk\u00fd poplatok (%)<\/label><br \/>\n            <input type=\"number\" id=\"spravcovskyPoplatok\" value=\"1.2\" step=\"0.1\">\n        <\/div>\n<div>\n            <label>Vstupn\u00fd poplatok (%)<\/label><br \/>\n            <input type=\"number\" id=\"vstupnyPoplatok\" value=\"0\" step=\"0.1\">\n        <\/div>\n<div>\n            <label>Transak\u010dn\u00fd poplatok (%)<\/label><br \/>\n            <input type=\"number\" id=\"transakcnyPoplatok\" value=\"0\" step=\"0.1\">\n        <\/div>\n<div>\n            <label>Poplatok za v\u00fdkon (%)<\/label><br \/>\n            <input type=\"number\" id=\"vykonnostnyPoplatok\" value=\"0\" step=\"0.1\">\n        <\/div>\n<\/p><\/div>\n<div class=\"graf-container\">\n        <canvas id=\"investicnyGraf\"><\/canvas>\n    <\/div>\n<div class=\"vysledky-blok\">\n<div><span>Vlo\u017een\u00e9 celkom:<\/span> <span id=\"sumaVkladov\">0.00 \u20ac<\/span><\/div>\n<div><span>\u010cist\u00fd zisk:<\/span> <span id=\"ziskSUrokov\">0.00 \u20ac<\/span><\/div>\n<div><span>Straten\u00e9 na poplatkoch:<\/span> <span id=\"efektPoplatkov\">0.00 \u20ac<\/span><\/div>\n<div><span>Mo\u017en\u00e1 hodnota (bez popl.):<\/span> <span id=\"bezPoplatkov\">0.00 \u20ac<\/span><\/div>\n<div style=\"grid-column: 1 \/ -1; background: #f0fff0;\">\n            <span>Kone\u010dn\u00e1 hodnota (s poplatkami):<\/span><br \/>\n            <span id=\"hodnotaInvesticie\">0.00 \u20ac<\/span>\n        <\/div>\n<\/p><\/div>\n<div id=\"hodnotenieText\">Zadajte \u00fadaje&#8230;<\/div>\n<p>    <button id=\"tlacidloPdf\">\ud83d\udcbe Stiahnu\u0165 v\u00fdsledky (PDF)<\/button><\/p>\n<div id=\"pdfFooterText\">Vytvoren\u00e9 na www.financnyradar.sk<\/div>\n<\/div>\n","protected":false},"excerpt":{"rendered":"<p>Investi\u010dn\u00e1 Kalkula\u010dka Po\u010diato\u010dn\u00e1 invest\u00edcia (\u20ac) Mesa\u010dn\u00fd vklad (\u20ac) Horizont (roky) Ro\u010dn\u00fd v\u00fdnos (%) Spr\u00e1vcovsk\u00fd poplatok (%) Vstupn\u00fd poplatok (%) Transak\u010dn\u00fd poplatok (%) Poplatok za v\u00fdkon (%) Vlo\u017een\u00e9 celkom: 0.00 \u20ac \u010cist\u00fd zisk: 0.00 \u20ac Straten\u00e9 na poplatkoch: 0.00 \u20ac Mo\u017en\u00e1 hodnota (bez popl.): 0.00 \u20ac Kone\u010dn\u00e1 hodnota (s poplatkami): 0.00 \u20ac Zadajte \u00fadaje&#8230; \ud83d\udcbe Stiahnu\u0165 [&hellip;]<\/p>\n","protected":false},"author":1,"featured_media":0,"parent":0,"menu_order":0,"comment_status":"closed","ping_status":"closed","template":"","meta":{"footnotes":""},"class_list":["post-22","page","type-page","status-publish","hentry"],"_links":{"self":[{"href":"https:\/\/www.vestral.sk\/radar\/wp-json\/wp\/v2\/pages\/22","targetHints":{"allow":["GET"]}}],"collection":[{"href":"https:\/\/www.vestral.sk\/radar\/wp-json\/wp\/v2\/pages"}],"about":[{"href":"https:\/\/www.vestral.sk\/radar\/wp-json\/wp\/v2\/types\/page"}],"author":[{"embeddable":true,"href":"https:\/\/www.vestral.sk\/radar\/wp-json\/wp\/v2\/users\/1"}],"replies":[{"embeddable":true,"href":"https:\/\/www.vestral.sk\/radar\/wp-json\/wp\/v2\/comments?post=22"}],"version-history":[{"count":8,"href":"https:\/\/www.vestral.sk\/radar\/wp-json\/wp\/v2\/pages\/22\/revisions"}],"predecessor-version":[{"id":154,"href":"https:\/\/www.vestral.sk\/radar\/wp-json\/wp\/v2\/pages\/22\/revisions\/154"}],"wp:attachment":[{"href":"https:\/\/www.vestral.sk\/radar\/wp-json\/wp\/v2\/media?parent=22"}],"curies":[{"name":"wp","href":"https:\/\/api.w.org\/{rel}","templated":true}]}}