{"id":168,"date":"2026-01-24T10:58:22","date_gmt":"2026-01-24T09:58:22","guid":{"rendered":"https:\/\/www.vestral.sk\/radar\/?page_id=168"},"modified":"2026-01-24T11:23:44","modified_gmt":"2026-01-24T10:23:44","slug":"kalkulacky","status":"publish","type":"page","link":"https:\/\/www.vestral.sk\/radar\/kalkulacky","title":{"rendered":"Kalkula\u010dky"},"content":{"rendered":"\n<div class=\"wp-block-group alignfull has-surface-background-color has-background has-global-padding is-layout-constrained wp-container-core-group-is-layout-fd6c452b wp-block-group-is-layout-constrained\" style=\"margin-top:0;margin-bottom:0;padding-top:90px;padding-bottom:90px\">\n<div class=\"wp-block-columns is-layout-flex wp-container-core-columns-is-layout-28f84493 wp-block-columns-is-layout-flex\">\n<div class=\"wp-block-column is-layout-flow wp-block-column-is-layout-flow\" style=\"flex-basis:20%\"><\/div>\n\n\n\n<div class=\"wp-block-column is-layout-flow wp-block-column-is-layout-flow\" style=\"flex-basis:60%\">\n<div class=\"wp-block-group has-global-padding is-layout-constrained wp-block-group-is-layout-constrained\">\n<div class=\"wp-block-group has-global-padding is-layout-constrained wp-container-core-group-is-layout-7d0d3654 wp-block-group-is-layout-constrained\">\n<div class=\"wp-block-group is-content-justification-center is-nowrap is-layout-flex wp-container-core-group-is-layout-49f5674e wp-block-group-is-layout-flex\">\n<hr class=\"wp-block-separator has-text-color has-highlight-color has-alpha-channel-opacity has-highlight-background-color has-background wp-container-content-e1bb55cb\"\/>\n\n\n\n<h6 class=\"wp-block-heading has-text-align-center has-highlight-color has-text-color has-link-color has-x-small-font-size wp-elements-9708ab61a3b3367aa543587dc2f2042a\">Overen\u00e1 funk\u010dnos\u0165<\/h6>\n\n\n\n<hr class=\"wp-block-separator has-text-color has-highlight-color has-alpha-channel-opacity has-highlight-background-color has-background wp-container-content-e1bb55cb\"\/>\n<\/div>\n\n\n\n<h2 class=\"wp-block-heading has-text-align-center has-bai-jamjuree-font-family\" style=\"font-style:normal;font-weight:600;line-height:1.1\">Prezrite si na\u0161e kalkula\u010dky<\/h2>\n<\/div>\n\n\n\n<p class=\"has-text-align-center\">Z\u00edskajte presn\u00e9 v\u00fdpo\u010dty v priebehu p\u00e1r sek\u00fand a u\u013eah\u010dite si rozhodovanie.<\/p>\n<\/div>\n<\/div>\n\n\n\n<div class=\"wp-block-column is-layout-flow wp-block-column-is-layout-flow\" style=\"flex-basis:20%\"><\/div>\n<\/div>\n\n\n\n<div class=\"wp-block-group is-layout-grid wp-container-core-group-is-layout-5e941e19 wp-block-group-is-layout-grid\">\n<div class=\"wp-block-group has-pure-white-background-color has-background has-global-padding is-layout-constrained wp-container-core-group-is-layout-95730b41 wp-block-group-is-layout-constrained\" style=\"border-radius:15px;padding-top:0;padding-bottom:0;box-shadow:var(--wp--preset--shadow--shadow-1)\">\n<div class=\"wp-block-group has-global-padding is-layout-constrained wp-container-core-group-is-layout-6cd66db6 wp-block-group-is-layout-constrained\" style=\"padding-top:var(--wp--preset--spacing--medium);padding-right:var(--wp--preset--spacing--medium);padding-left:var(--wp--preset--spacing--medium)\">\n<h4 class=\"wp-block-heading has-bai-jamjuree-font-family\" style=\"font-size:26px;font-style:normal;font-weight:600\"><strong>Hypotek\u00e1rna kalkula\u010dka s RPMN<\/strong><\/h4>\n\n\n\n<p>Vypo\u010d\u00edtajte si presn\u00fa spl\u00e1tku a porovnajte re\u00e1lne n\u00e1klady na b\u00fdvanie vr\u00e1tane v\u0161etk\u00fdch poplatkov banke.<\/p>\n<\/div>\n\n\n\n<div class=\"wp-block-group is-content-justification-space-between is-nowrap is-layout-flex wp-container-core-group-is-layout-def31a31 wp-block-group-is-layout-flex\" style=\"padding-left:var(--wp--preset--spacing--medium)\">\n<div class=\"wp-block-group is-nowrap is-layout-flex wp-container-core-group-is-layout-6c531013 wp-block-group-is-layout-flex\">\n<p class=\"has-text-align-left has-highlight-color has-text-color\"><a href=\"https:\/\/www.vestral.sk\/radar\/hypotekarna-kalkulacka-s-rpmn\" data-type=\"page\" data-id=\"69\">Chcem vedie\u0165 svoju spl\u00e1tku<\/a><\/p>\n\n\n\n<figure class=\"wp-block-image size-full\" style=\"margin-top:-10px\"><img decoding=\"async\" src=\"https:\/\/www.vestral.sk\/radar\/wp-content\/themes\/blockskit-corporate-agency\/assets\/images\/service-img7.png\" alt=\"\" class=\"wp-image-195\" style=\"object-fit:cover\"\/><\/figure>\n<\/div>\n\n\n\n<div class=\"wp-block-group has-surface-background-color has-background has-global-padding is-layout-constrained wp-container-core-group-is-layout-243315b7 wp-block-group-is-layout-constrained\" style=\"border-top-left-radius:100%;border-top-right-radius:0%;border-bottom-left-radius:0%;border-bottom-right-radius:0%;padding-top:38px;padding-right:30px;padding-bottom:23px;padding-left:44px\"><\/div>\n<\/div>\n<\/div>\n\n\n\n<div class=\"wp-block-group has-pure-white-background-color has-background has-global-padding is-layout-constrained wp-container-core-group-is-layout-95730b41 wp-block-group-is-layout-constrained\" style=\"border-radius:15px;padding-top:0;padding-bottom:0;box-shadow:var(--wp--preset--shadow--shadow-1)\">\n<div class=\"wp-block-group has-global-padding is-layout-constrained wp-container-core-group-is-layout-6cd66db6 wp-block-group-is-layout-constrained\" style=\"padding-top:var(--wp--preset--spacing--medium);padding-right:var(--wp--preset--spacing--medium);padding-left:var(--wp--preset--spacing--medium)\">\n<h4 class=\"wp-block-heading has-bai-jamjuree-font-family\" style=\"font-size:26px;font-style:normal;font-weight:600\">D\u00f4chodkov\u00e1 kalkula\u010dka<\/h4>\n\n\n\n<p>Z\u00edskajte jasn\u00fd preh\u013ead o svojej bud\u00facej penzii a zistite, ako si zabezpe\u010di\u0165 d\u00f4stojn\u00fa jese\u0148 \u017eivota.<\/p>\n<\/div>\n\n\n\n<div class=\"wp-block-group is-content-justification-space-between is-nowrap is-layout-flex wp-container-core-group-is-layout-d76be26a wp-block-group-is-layout-flex\" style=\"padding-left:var(--wp--preset--spacing--medium)\">\n<div class=\"wp-block-group is-nowrap is-layout-flex wp-container-core-group-is-layout-6c531013 wp-block-group-is-layout-flex\">\n<p class=\"has-text-align-left has-highlight-color has-text-color\"><a href=\"https:\/\/www.vestral.sk\/radar\/dochodkova-kalkulacka\" data-type=\"page\" data-id=\"111\">Pozrie\u0165 sa na m\u00f4j d\u00f4chodok<\/a><\/p>\n\n\n\n<figure class=\"wp-block-image size-full\" style=\"margin-top:-10px\"><img decoding=\"async\" src=\"https:\/\/www.vestral.sk\/radar\/wp-content\/themes\/blockskit-corporate-agency\/assets\/images\/service-img7.png\" alt=\"\" class=\"wp-image-195\" style=\"object-fit:cover\"\/><\/figure>\n<\/div>\n\n\n\n<div class=\"wp-block-group has-surface-background-color has-background has-global-padding is-layout-constrained wp-container-core-group-is-layout-243315b7 wp-block-group-is-layout-constrained\" style=\"border-top-left-radius:100%;border-top-right-radius:0%;border-bottom-left-radius:0%;border-bottom-right-radius:0%;padding-top:38px;padding-right:30px;padding-bottom:23px;padding-left:44px\"><\/div>\n<\/div>\n<\/div>\n\n\n\n<div class=\"wp-block-group has-pure-white-background-color has-background has-global-padding is-layout-constrained wp-container-core-group-is-layout-95730b41 wp-block-group-is-layout-constrained\" style=\"border-radius:15px;padding-top:0;padding-bottom:0;box-shadow:var(--wp--preset--shadow--shadow-1)\">\n<div class=\"wp-block-group has-global-padding is-layout-constrained wp-container-core-group-is-layout-6cd66db6 wp-block-group-is-layout-constrained\" style=\"padding-top:var(--wp--preset--spacing--medium);padding-right:var(--wp--preset--spacing--medium);padding-left:var(--wp--preset--spacing--medium)\">\n<h4 class=\"wp-block-heading has-bai-jamjuree-font-family\" style=\"font-size:26px;font-style:normal;font-weight:600\">Kalkula\u010dka sporenia na cie\u013e<\/h4>\n\n\n\n<p>Zistite, ko\u013eko si mus\u00edte mesa\u010dne odklada\u0165, aby ste si v\u010das nasporili na auto, svadbu alebo rezervu.<\/p>\n<\/div>\n\n\n\n<div class=\"wp-block-group is-content-justification-space-between is-nowrap is-layout-flex wp-container-core-group-is-layout-d76be26a wp-block-group-is-layout-flex\" style=\"padding-left:var(--wp--preset--spacing--medium)\">\n<div class=\"wp-block-group is-nowrap is-layout-flex wp-container-core-group-is-layout-6c531013 wp-block-group-is-layout-flex\">\n<p class=\"has-text-align-left has-highlight-color has-text-color\"><a href=\"https:\/\/www.vestral.sk\/radar\/kalkulacka-sporenia-na-ciel\" data-type=\"page\" data-id=\"141\">Vypo\u010d\u00edta\u0165 cestu k m\u00f4jmu cie\u013eu<\/a><\/p>\n\n\n\n<figure class=\"wp-block-image size-full\" style=\"margin-top:-10px\"><img decoding=\"async\" src=\"https:\/\/www.vestral.sk\/radar\/wp-content\/themes\/blockskit-corporate-agency\/assets\/images\/service-img7.png\" alt=\"\" class=\"wp-image-195\" style=\"object-fit:cover\"\/><\/figure>\n<\/div>\n\n\n\n<div class=\"wp-block-group has-surface-background-color has-background has-global-padding is-layout-constrained wp-container-core-group-is-layout-243315b7 wp-block-group-is-layout-constrained\" style=\"border-top-left-radius:100%;border-top-right-radius:0%;border-bottom-left-radius:0%;border-bottom-right-radius:0%;padding-top:38px;padding-right:30px;padding-bottom:23px;padding-left:44px\"><\/div>\n<\/div>\n<\/div>\n\n\n\n<div class=\"wp-block-group has-pure-white-background-color has-background has-global-padding is-layout-constrained wp-container-core-group-is-layout-95730b41 wp-block-group-is-layout-constrained\" style=\"border-radius:15px;padding-top:0;padding-bottom:0;box-shadow:var(--wp--preset--shadow--shadow-1)\">\n<div class=\"wp-block-group has-global-padding is-layout-constrained wp-container-core-group-is-layout-6cd66db6 wp-block-group-is-layout-constrained\" style=\"padding-top:var(--wp--preset--spacing--medium);padding-right:var(--wp--preset--spacing--medium);padding-left:var(--wp--preset--spacing--medium)\">\n<h4 class=\"wp-block-heading has-bai-jamjuree-font-family\" style=\"font-size:26px;font-style:normal;font-weight:600\">Investi\u010dn\u00e1 kalkula\u010dka<\/h4>\n\n\n\n<p>Vizualizujte si rast svojho majetku a zistite, ako pravideln\u00e9 investovanie men\u00ed va\u0161u finan\u010dn\u00fa bud\u00facnos\u0165.<\/p>\n<\/div>\n\n\n\n<div class=\"wp-block-group is-content-justification-space-between is-nowrap is-layout-flex wp-container-core-group-is-layout-d76be26a wp-block-group-is-layout-flex\" style=\"padding-left:var(--wp--preset--spacing--medium)\">\n<div class=\"wp-block-group is-nowrap is-layout-flex wp-container-core-group-is-layout-6c531013 wp-block-group-is-layout-flex\">\n<p class=\"has-text-align-left has-highlight-color has-text-color\"><a href=\"https:\/\/www.vestral.sk\/radar\/investicna-kalkulacka\" data-type=\"page\" data-id=\"22\">Chcem vidie\u0165 m\u00f4j zisk<\/a><\/p>\n\n\n\n<figure class=\"wp-block-image size-full\" style=\"margin-top:-10px\"><img decoding=\"async\" src=\"https:\/\/www.vestral.sk\/radar\/wp-content\/themes\/blockskit-corporate-agency\/assets\/images\/service-img7.png\" alt=\"\" class=\"wp-image-195\" style=\"object-fit:cover\"\/><\/figure>\n<\/div>\n\n\n\n<div class=\"wp-block-group has-surface-background-color has-background has-global-padding is-layout-constrained wp-container-core-group-is-layout-243315b7 wp-block-group-is-layout-constrained\" style=\"border-top-left-radius:100%;border-top-right-radius:0%;border-bottom-left-radius:0%;border-bottom-right-radius:0%;padding-top:38px;padding-right:30px;padding-bottom:23px;padding-left:44px\"><\/div>\n<\/div>\n<\/div>\n\n\n\n<div class=\"wp-block-group has-pure-white-background-color has-background has-global-padding is-layout-constrained wp-container-core-group-is-layout-95730b41 wp-block-group-is-layout-constrained\" style=\"border-radius:15px;padding-top:0;padding-bottom:0;box-shadow:var(--wp--preset--shadow--shadow-1)\">\n<div class=\"wp-block-group has-global-padding is-layout-constrained wp-container-core-group-is-layout-6cd66db6 wp-block-group-is-layout-constrained\" style=\"padding-top:var(--wp--preset--spacing--medium);padding-right:var(--wp--preset--spacing--medium);padding-left:var(--wp--preset--spacing--medium)\">\n<h4 class=\"wp-block-heading has-bai-jamjuree-font-family\" style=\"font-size:26px;font-style:normal;font-weight:600\">Infla\u010dn\u00e1 kalkula\u010dka<\/h4>\n\n\n\n<p>Zistite, ak\u00fd vplyv m\u00e1 infl\u00e1cia na va\u0161e \u00faspory a ko\u013eko si za ne re\u00e1lne k\u00fapite o 5 \u010di 10 rokov.<\/p>\n<\/div>\n\n\n\n<div class=\"wp-block-group is-content-justification-space-between is-nowrap is-layout-flex wp-container-core-group-is-layout-d76be26a wp-block-group-is-layout-flex\" style=\"padding-left:var(--wp--preset--spacing--medium)\">\n<div class=\"wp-block-group is-nowrap is-layout-flex wp-container-core-group-is-layout-6c531013 wp-block-group-is-layout-flex\">\n<p class=\"has-text-align-left has-highlight-color has-text-color\"><a href=\"https:\/\/www.vestral.sk\/radar\/inflacna-kalkulacka\" data-type=\"page\" data-id=\"125\">Overi\u0165 hodnotu mojich pe\u0148az\u00ed<\/a><\/p>\n\n\n\n<figure class=\"wp-block-image size-full\" style=\"margin-top:-10px\"><img decoding=\"async\" src=\"https:\/\/www.vestral.sk\/radar\/wp-content\/themes\/blockskit-corporate-agency\/assets\/images\/service-img7.png\" alt=\"\" class=\"wp-image-195\" style=\"object-fit:cover\"\/><\/figure>\n<\/div>\n\n\n\n<div class=\"wp-block-group has-surface-background-color has-background has-global-padding is-layout-constrained wp-container-core-group-is-layout-243315b7 wp-block-group-is-layout-constrained\" style=\"border-top-left-radius:100%;border-top-right-radius:0%;border-bottom-left-radius:0%;border-bottom-right-radius:0%;padding-top:38px;padding-right:30px;padding-bottom:23px;padding-left:44px\"><\/div>\n<\/div>\n<\/div>\n\n\n\n<div class=\"wp-block-group has-pure-white-background-color has-background has-global-padding is-layout-constrained wp-container-core-group-is-layout-95730b41 wp-block-group-is-layout-constrained\" style=\"border-radius:15px;padding-top:0;padding-bottom:0;box-shadow:var(--wp--preset--shadow--shadow-1)\">\n<div class=\"wp-block-group has-global-padding is-layout-constrained wp-container-core-group-is-layout-6cd66db6 wp-block-group-is-layout-constrained\" style=\"padding-top:var(--wp--preset--spacing--medium);padding-right:var(--wp--preset--spacing--medium);padding-left:var(--wp--preset--spacing--medium)\">\n<h4 class=\"wp-block-heading has-bai-jamjuree-font-family\" style=\"font-size:26px;font-style:normal;font-weight:600\">Kalkula\u010dka zlo\u017een\u00e9ho \u00faro\u010denia<\/h4>\n\n\n\n<p>Pozrite sa, ako \u201e\u00f4smy div sveta\u201c zn\u00e1sobuje va\u0161e zisky v\u010faka op\u00e4tovn\u00e9mu investovaniu v\u00fdnosov.<\/p>\n<\/div>\n\n\n\n<div class=\"wp-block-group is-content-justification-space-between is-nowrap is-layout-flex wp-container-core-group-is-layout-d76be26a wp-block-group-is-layout-flex\" style=\"padding-left:var(--wp--preset--spacing--medium)\">\n<div class=\"wp-block-group is-nowrap is-layout-flex wp-container-core-group-is-layout-6c531013 wp-block-group-is-layout-flex\">\n<p class=\"has-text-align-left has-highlight-color has-text-color\"><a href=\"https:\/\/www.vestral.sk\/radar\/kalkulacka-zlozeneho-urocenia\" data-type=\"page\" data-id=\"94\">Zisti\u0165, ako m\u00f4\u017eem nar\u00e1s\u0165<\/a><\/p>\n\n\n\n<figure class=\"wp-block-image size-full\" style=\"margin-top:-10px\"><img decoding=\"async\" src=\"https:\/\/www.vestral.sk\/radar\/wp-content\/themes\/blockskit-corporate-agency\/assets\/images\/service-img7.png\" alt=\"\" class=\"wp-image-195\" style=\"object-fit:cover\"\/><\/figure>\n<\/div>\n\n\n\n<div class=\"wp-block-group has-surface-background-color has-background has-global-padding is-layout-constrained wp-container-core-group-is-layout-243315b7 wp-block-group-is-layout-constrained\" style=\"border-top-left-radius:100%;border-top-right-radius:0%;border-bottom-left-radius:0%;border-bottom-right-radius:0%;padding-top:38px;padding-right:30px;padding-bottom:23px;padding-left:44px\"><\/div>\n<\/div>\n<\/div>\n<\/div>\n\n\n\n<div class=\"wp-block-group is-layout-grid wp-container-core-group-is-layout-5e941e19 wp-block-group-is-layout-grid\">\n<div class=\"wp-block-group has-pure-white-background-color has-background wp-container-content-79286276 has-global-padding is-layout-constrained wp-container-core-group-is-layout-95730b41 wp-block-group-is-layout-constrained\" style=\"border-radius:15px;padding-top:0;padding-bottom:0;box-shadow:var(--wp--preset--shadow--shadow-1)\">\n<div class=\"wp-block-group has-global-padding is-layout-constrained wp-container-core-group-is-layout-6cd66db6 wp-block-group-is-layout-constrained\" style=\"padding-top:var(--wp--preset--spacing--medium);padding-right:var(--wp--preset--spacing--medium);padding-left:var(--wp--preset--spacing--medium)\">\n<h4 class=\"wp-block-heading has-bai-jamjuree-font-family\" style=\"font-size:26px;font-style:normal;font-weight:600\">Investi\u010dn\u00e9 porovnanie<\/h4>\n\n\n\n<p>Objekt\u00edvne porovnanie r\u00f4znych fondov a strat\u00e9gi\u00ed, ktor\u00e9 v\u00e1m pom\u00f4\u017ee vybra\u0165 si najefekt\u00edvnej\u0161iu cestu k zisku.<\/p>\n<\/div>\n\n\n\n<div class=\"wp-block-group is-content-justification-space-between is-nowrap is-layout-flex wp-container-core-group-is-layout-def31a31 wp-block-group-is-layout-flex\" style=\"padding-left:var(--wp--preset--spacing--medium)\">\n<div class=\"wp-block-group is-nowrap is-layout-flex wp-container-core-group-is-layout-6c531013 wp-block-group-is-layout-flex\">\n<p class=\"has-text-align-left has-highlight-color has-text-color\"><a href=\"https:\/\/www.vestral.sk\/radar\/porovnavac-moznosti\" data-type=\"page\" data-id=\"62\">N\u00e1js\u0165 pre m\u0148a lep\u0161iu vo\u013ebu<\/a><\/p>\n\n\n\n<figure class=\"wp-block-image size-full\" style=\"margin-top:-10px\"><img decoding=\"async\" src=\"https:\/\/www.vestral.sk\/radar\/wp-content\/themes\/blockskit-corporate-agency\/assets\/images\/service-img7.png\" alt=\"\" class=\"wp-image-195\" style=\"object-fit:cover\"\/><\/figure>\n<\/div>\n\n\n\n<div class=\"wp-block-group has-surface-background-color has-background has-global-padding is-layout-constrained wp-container-core-group-is-layout-243315b7 wp-block-group-is-layout-constrained\" style=\"border-top-left-radius:100%;border-top-right-radius:0%;border-bottom-left-radius:0%;border-bottom-right-radius:0%;padding-top:38px;padding-right:30px;padding-bottom:23px;padding-left:44px\"><\/div>\n<\/div>\n<\/div>\n<\/div>\n<\/div>\n","protected":false},"excerpt":{"rendered":"<p>Overen\u00e1 funk\u010dnos\u0165 Prezrite si na\u0161e kalkula\u010dky Z\u00edskajte presn\u00e9 v\u00fdpo\u010dty v priebehu p\u00e1r sek\u00fand a u\u013eah\u010dite si rozhodovanie. Hypotek\u00e1rna kalkula\u010dka s RPMN Vypo\u010d\u00edtajte si presn\u00fa spl\u00e1tku a porovnajte re\u00e1lne n\u00e1klady na b\u00fdvanie vr\u00e1tane v\u0161etk\u00fdch poplatkov banke. Chcem vedie\u0165 svoju spl\u00e1tku D\u00f4chodkov\u00e1 kalkula\u010dka Z\u00edskajte jasn\u00fd preh\u013ead o svojej bud\u00facej penzii a zistite, ako si zabezpe\u010di\u0165 d\u00f4stojn\u00fa jese\u0148 [&hellip;]<\/p>\n","protected":false},"author":1,"featured_media":0,"parent":0,"menu_order":0,"comment_status":"closed","ping_status":"closed","template":"","meta":{"footnotes":""},"class_list":["post-168","page","type-page","status-publish","hentry"],"_links":{"self":[{"href":"https:\/\/www.vestral.sk\/radar\/wp-json\/wp\/v2\/pages\/168","targetHints":{"allow":["GET"]}}],"collection":[{"href":"https:\/\/www.vestral.sk\/radar\/wp-json\/wp\/v2\/pages"}],"about":[{"href":"https:\/\/www.vestral.sk\/radar\/wp-json\/wp\/v2\/types\/page"}],"author":[{"embeddable":true,"href":"https:\/\/www.vestral.sk\/radar\/wp-json\/wp\/v2\/users\/1"}],"replies":[{"embeddable":true,"href":"https:\/\/www.vestral.sk\/radar\/wp-json\/wp\/v2\/comments?post=168"}],"version-history":[{"count":7,"href":"https:\/\/www.vestral.sk\/radar\/wp-json\/wp\/v2\/pages\/168\/revisions"}],"predecessor-version":[{"id":189,"href":"https:\/\/www.vestral.sk\/radar\/wp-json\/wp\/v2\/pages\/168\/revisions\/189"}],"wp:attachment":[{"href":"https:\/\/www.vestral.sk\/radar\/wp-json\/wp\/v2\/media?parent=168"}],"curies":[{"name":"wp","href":"https:\/\/api.w.org\/{rel}","templated":true}]}}