{"id":111,"date":"2025-12-30T09:19:01","date_gmt":"2025-12-30T08:19:01","guid":{"rendered":"https:\/\/www.vestral.sk\/radar\/?page_id=111"},"modified":"2025-12-30T10:22:11","modified_gmt":"2025-12-30T09:22:11","slug":"dochodkova-kalkulacka","status":"publish","type":"page","link":"https:\/\/www.vestral.sk\/radar\/dochodkova-kalkulacka","title":{"rendered":"D\u00f4chodkov\u00e1 kalkula\u010dka"},"content":{"rendered":"<p><script src=\"https:\/\/cdn.jsdelivr.net\/npm\/chart.js\"><\/script><br \/>\n<script src=\"https:\/\/cdnjs.cloudflare.com\/ajax\/libs\/html2canvas\/1.4.1\/html2canvas.min.js\"><\/script><br \/>\n<script src=\"https:\/\/cdnjs.cloudflare.com\/ajax\/libs\/jspdf\/2.5.1\/jspdf.umd.min.js\"><\/script><\/p>\n<div class=\"dochodkova-kalkulacka\" id=\"dochodkovaKalkulacka\">\n<h1>D\u00f4chodkov\u00e1 kalkula\u010dka<\/h1>\n<p>Zistite, ak\u00fa sumu m\u00f4\u017eete ma\u0165 nasporen\u00fa na d\u00f4chodok a ak\u00fa rentu si m\u00f4\u017eete dovoli\u0165, o\u010disten\u00fa o infl\u00e1ciu.<\/p>\n<div class=\"vstupny-blok\">\n<div>\n            <label for=\"aktualnyVek\">Aktu\u00e1lny vek (roky)<\/label><br \/>\n            <input type=\"number\" id=\"aktualnyVek\" value=\"30\" min=\"18\" max=\"64\">\n        <\/div>\n<div>\n            <label for=\"dochodkovyVek\">Pl\u00e1novan\u00fd d\u00f4chodkov\u00fd vek (roky)<\/label><br \/>\n            <input type=\"number\" id=\"dochodkovyVek\" value=\"65\" min=\"50\" max=\"80\">\n        <\/div>\n<div>\n            <label for=\"mesacnyVklad\">Mesa\u010dn\u00fd pr\u00edspevok (\u20ac)<\/label><br \/>\n            <input type=\"number\" id=\"mesacnyVklad\" value=\"100\" min=\"10\" step=\"10\">\n        <\/div>\n<div>\n            <label for=\"ocakavanyVynos\">Ro\u010dn\u00fd o\u010dak\u00e1van\u00fd v\u00fdnos (%)<\/label><br \/>\n            <input type=\"number\" id=\"ocakavanyVynos\" value=\"7\" min=\"0.1\" step=\"0.1\" max=\"50\">\n        <\/div>\n<div>\n            <label for=\"aktualnaUlozenaSuma\">Aktu\u00e1lne nasporen\u00e9 (\u20ac)<\/label><br \/>\n            <input type=\"number\" id=\"aktualnaUlozenaSuma\" value=\"5000\" min=\"0\" step=\"100\">\n        <\/div>\n<div>\n            <label for=\"inflacia\">O\u010dak\u00e1van\u00e1 infl\u00e1cia (%)<\/label><br \/>\n            <input type=\"number\" id=\"inflacia\" value=\"3\" min=\"0\" step=\"0.1\" max=\"20\">\n        <\/div>\n<\/p><\/div>\n<div class=\"graf-container\">\n        <canvas id=\"dochodkovyGraf\"><\/canvas>\n    <\/div>\n<div class=\"vysledky-blok\">\n<div>\n            <span>Celkov\u00e1 cie\u013eov\u00e1 suma na d\u00f4chodku (Nomin\u00e1lna hodnota):<\/span><br \/>\n            <span id=\"celkovaSuma\">0 \u20ac<\/span>\n        <\/div>\n<div>\n            <span>Z toho nasporen\u00e9 vklady (va\u0161e peniaze):<\/span><br \/>\n            <span id=\"vlozenaSuma\">0 \u20ac<\/span>\n        <\/div>\n<div>\n            <span>Z toho Zisk z v\u00fdnosov:<\/span><br \/>\n            <span id=\"ziskSuma\">0 \u20ac<\/span>\n        <\/div>\n<div style=\"background-color: #e6f9f7;\">\n            <span><strong>O\u010dak\u00e1van\u00e1 mesa\u010dn\u00e1 renta (v dne\u0161nej k\u00fapnej sile):<\/strong><\/span><br \/>\n            <span id=\"ocakavanaRenta\" style=\"font-size: 1.8em; color: #00a08b;\">0 \u20ac<\/span>\n        <\/div>\n<div id=\"pdfFooterText\">\n<p>Tento v\u00fdsledok je orienta\u010dn\u00fd a z\u00e1vis\u00ed od splnenia predpokladov. Re\u00e1lne v\u00fdsledky sa m\u00f4\u017eu l\u00ed\u0161i\u0165.<\/p>\n<p>D\u00f4chodkov\u00e1 kalkula\u010dka | D\u00e1tum v\u00fdpo\u010dtu: <span id=\"datumVypoctu\"><\/span><\/p>\n<\/p><\/div>\n<\/p><\/div>\n<p>    <button id=\"tlacidloPdf\">Stiahnu\u0165 v\u00fdsledky ako PDF<\/button><\/p>\n<p id=\"hodnotenieText\">\n<\/div>\n","protected":false},"excerpt":{"rendered":"<p>D\u00f4chodkov\u00e1 kalkula\u010dka Zistite, ak\u00fa sumu m\u00f4\u017eete ma\u0165 nasporen\u00fa na d\u00f4chodok a ak\u00fa rentu si m\u00f4\u017eete dovoli\u0165, o\u010disten\u00fa o infl\u00e1ciu. Aktu\u00e1lny vek (roky) Pl\u00e1novan\u00fd d\u00f4chodkov\u00fd vek (roky) Mesa\u010dn\u00fd pr\u00edspevok (\u20ac) Ro\u010dn\u00fd o\u010dak\u00e1van\u00fd v\u00fdnos (%) Aktu\u00e1lne nasporen\u00e9 (\u20ac) O\u010dak\u00e1van\u00e1 infl\u00e1cia (%) Celkov\u00e1 cie\u013eov\u00e1 suma na d\u00f4chodku (Nomin\u00e1lna hodnota): 0 \u20ac Z toho nasporen\u00e9 vklady (va\u0161e peniaze): 0 [&hellip;]<\/p>\n","protected":false},"author":1,"featured_media":0,"parent":0,"menu_order":0,"comment_status":"closed","ping_status":"closed","template":"","meta":{"footnotes":""},"class_list":["post-111","page","type-page","status-publish","hentry"],"_links":{"self":[{"href":"https:\/\/www.vestral.sk\/radar\/wp-json\/wp\/v2\/pages\/111","targetHints":{"allow":["GET"]}}],"collection":[{"href":"https:\/\/www.vestral.sk\/radar\/wp-json\/wp\/v2\/pages"}],"about":[{"href":"https:\/\/www.vestral.sk\/radar\/wp-json\/wp\/v2\/types\/page"}],"author":[{"embeddable":true,"href":"https:\/\/www.vestral.sk\/radar\/wp-json\/wp\/v2\/users\/1"}],"replies":[{"embeddable":true,"href":"https:\/\/www.vestral.sk\/radar\/wp-json\/wp\/v2\/comments?post=111"}],"version-history":[{"count":6,"href":"https:\/\/www.vestral.sk\/radar\/wp-json\/wp\/v2\/pages\/111\/revisions"}],"predecessor-version":[{"id":124,"href":"https:\/\/www.vestral.sk\/radar\/wp-json\/wp\/v2\/pages\/111\/revisions\/124"}],"wp:attachment":[{"href":"https:\/\/www.vestral.sk\/radar\/wp-json\/wp\/v2\/media?parent=111"}],"curies":[{"name":"wp","href":"https:\/\/api.w.org\/{rel}","templated":true}]}}