{"id":2143,"date":"2025-09-27T09:47:08","date_gmt":"2025-09-27T09:47:08","guid":{"rendered":"https:\/\/www.vestral.sk\/projekt\/?page_id=2143"},"modified":"2025-09-27T09:54:28","modified_gmt":"2025-09-27T09:54:28","slug":"strihy","status":"publish","type":"page","link":"https:\/\/www.vestral.sk\/projekt\/strihy\/","title":{"rendered":"Strihy"},"content":{"rendered":"\n<div class=\"wp-block-uagb-container uagb-block-6e6795cc alignfull uagb-is-root-container\"><div class=\"uagb-container-inner-blocks-wrap\">\n<div class=\"wp-block-uagb-info-box uagb-block-2b3d8aef uagb-infobox__content-wrap  uagb-infobox-icon-above-title uagb-infobox-image-valign-top\"><div class=\"uagb-ifb-content\"><div class=\"uagb-ifb-title-wrap\"><span class=\"uagb-ifb-title-prefix\">Va\u0161a cesta k dokonalej kr\u00e1se<\/span><h1 class=\"uagb-ifb-title\">Druhy strihov<\/h1><\/div><\/div><\/div>\n<\/div><\/div>\n\n\n\n<div class=\"wp-block-uagb-container uagb-block-ku2bzqia alignfull uagb-is-root-container\">\n<div class=\"wp-block-uagb-container uagb-block-r0w13nrs\">\n<div class=\"wp-block-uagb-container uagb-block-lc7tut11\">\n<div class=\"wp-block-uagb-info-box uagb-block-rfwr6zpe uagb-infobox__content-wrap  uagb-infobox-icon-above-title uagb-infobox-image-valign-top\"><div class=\"uagb-ifb-content\"><div class=\"uagb-ifb-title-wrap\"><h3 class=\"uagb-ifb-title\"><strong>Detsk\u00fd strih<\/strong><\/h3><\/div><p class=\"uagb-ifb-desc\">Ide\u00e1lny pre mal\u00fdch chlapcov a diev\u010dat\u00e1. Na\u0161i kadern\u00edci maj\u00fa sk\u00fasenosti s de\u0165mi a vedia, ako spravi\u0165 zastrihovanie pr\u00edjemn\u00fdm z\u00e1\u017eitkom.<\/p><\/div><\/div>\n\n\n\n<h2 class=\"wp-block-heading has-ast-global-color-5-color has-text-color has-link-color wp-elements-09cfea834894067bd89cba8023b8ca3c\">15\u20ac<\/h2>\n<\/div>\n\n\n\n<div class=\"wp-block-uagb-container uagb-block-8lgxr5ud\">\n<div class=\"wp-block-uagb-info-box uagb-block-j1ixc8t3 uagb-infobox__content-wrap  uagb-infobox-icon-above-title uagb-infobox-image-valign-top\"><div class=\"uagb-ifb-content\"><div class=\"uagb-ifb-title-wrap\"><h3 class=\"uagb-ifb-title\"><strong>P\u00e1nsky strih<\/strong><\/h3><\/div><p class=\"uagb-ifb-desc\">Pon\u00fakame modern\u00e9 aj klasick\u00e9 p\u00e1nske strihy. Nez\u00e1le\u017e\u00ed na tom, \u010di preferujete nie\u010do konzervat\u00edvne alebo trendy; na\u0161i stylisti v\u00e1m radi poradia.<\/p><\/div><\/div>\n\n\n\n<h2 class=\"wp-block-heading has-ast-global-color-5-color has-text-color has-link-color wp-elements-82e1762d78bebb24a0184114d0e1f379\">30\u20ac<\/h2>\n<\/div>\n\n\n\n<div class=\"wp-block-uagb-container uagb-block-xllgu1hq\">\n<div class=\"wp-block-uagb-info-box uagb-block-xouk1f4a uagb-infobox__content-wrap  uagb-infobox-icon-above-title uagb-infobox-image-valign-top\"><div class=\"uagb-ifb-content\"><div class=\"uagb-ifb-title-wrap\"><h3 class=\"uagb-ifb-title\">D\u00e1msky strih<\/h3><\/div><p class=\"uagb-ifb-desc\">Pre \u017eeny pon\u00fakame r\u00f4zne \u0161t\u00fdlov\u00e9 d\u00e1mske \u00fa\u010desy od jednoduch\u00fdch a\u017e po extravagantn\u00e9. S nami si ur\u010dite vyberiete ten prav\u00fd look!<br><\/p><\/div><\/div>\n\n\n\n<h2 class=\"wp-block-heading has-ast-global-color-4-color has-text-color has-link-color wp-elements-565765e72c82ee63599b39b14f08055c\">35\u20ac<\/h2>\n<\/div>\n<\/div>\n<\/div>\n\n\n\n<p><\/p>\n","protected":false},"excerpt":{"rendered":"<p>15\u20ac 30\u20ac 35\u20ac<\/p>\n","protected":false},"author":6,"featured_media":0,"parent":0,"menu_order":0,"comment_status":"closed","ping_status":"closed","template":"","meta":{"_uag_custom_page_level_css":"","site-sidebar-layout":"default","site-content-layout":"","ast-site-content-layout":"default","site-content-style":"default","site-sidebar-style":"default","ast-global-header-display":"","ast-banner-title-visibility":"","ast-main-header-display":"","ast-hfb-above-header-display":"","ast-hfb-below-header-display":"","ast-hfb-mobile-header-display":"","site-post-title":"disabled","ast-breadcrumbs-content":"","ast-featured-img":"","footer-sml-layout":"","ast-disable-related-posts":"","theme-transparent-header-meta":"","adv-header-id-meta":"","stick-header-meta":"","header-above-stick-meta":"","header-main-stick-meta":"","header-below-stick-meta":"","astra-migrate-meta-layouts":"default","ast-page-background-enabled":"default","ast-page-background-meta":{"desktop":{"background-color":"var(--ast-global-color-4)","background-image":"","background-repeat":"repeat","background-position":"center center","background-size":"auto","background-attachment":"scroll","background-type":"","background-media":"","overlay-type":"","overlay-color":"","overlay-opacity":"","overlay-gradient":""},"tablet":{"background-color":"","background-image":"","background-repeat":"repeat","background-position":"center center","background-size":"auto","background-attachment":"scroll","background-type":"","background-media":"","overlay-type":"","overlay-color":"","overlay-opacity":"","overlay-gradient":""},"mobile":{"background-color":"","background-image":"","background-repeat":"repeat","background-position":"center center","background-size":"auto","background-attachment":"scroll","background-type":"","background-media":"","overlay-type":"","overlay-color":"","overlay-opacity":"","overlay-gradient":""}},"ast-content-background-meta":{"desktop":{"background-color":"var(--ast-global-color-5)","background-image":"","background-repeat":"repeat","background-position":"center center","background-size":"auto","background-attachment":"scroll","background-type":"","background-media":"","overlay-type":"","overlay-color":"","overlay-opacity":"","overlay-gradient":""},"tablet":{"background-color":"var(--ast-global-color-5)","background-image":"","background-repeat":"repeat","background-position":"center center","background-size":"auto","background-attachment":"scroll","background-type":"","background-media":"","overlay-type":"","overlay-color":"","overlay-opacity":"","overlay-gradient":""},"mobile":{"background-color":"var(--ast-global-color-5)","background-image":"","background-repeat":"repeat","background-position":"center center","background-size":"auto","background-attachment":"scroll","background-type":"","background-media":"","overlay-type":"","overlay-color":"","overlay-opacity":"","overlay-gradient":""}},"footnotes":""},"class_list":["post-2143","page","type-page","status-publish","hentry"],"uagb_featured_image_src":{"full":false,"thumbnail":false,"medium":false,"medium_large":false,"large":false,"1536x1536":false,"2048x2048":false},"uagb_author_info":{"display_name":"1zhkl3ivkphj","author_link":"https:\/\/www.vestral.sk\/projekt\/author\/1zhkl3ivkphj\/"},"uagb_comment_info":0,"uagb_excerpt":"15\u20ac 30\u20ac 35\u20ac","_links":{"self":[{"href":"https:\/\/www.vestral.sk\/projekt\/wp-json\/wp\/v2\/pages\/2143","targetHints":{"allow":["GET"]}}],"collection":[{"href":"https:\/\/www.vestral.sk\/projekt\/wp-json\/wp\/v2\/pages"}],"about":[{"href":"https:\/\/www.vestral.sk\/projekt\/wp-json\/wp\/v2\/types\/page"}],"author":[{"embeddable":true,"href":"https:\/\/www.vestral.sk\/projekt\/wp-json\/wp\/v2\/users\/6"}],"replies":[{"embeddable":true,"href":"https:\/\/www.vestral.sk\/projekt\/wp-json\/wp\/v2\/comments?post=2143"}],"version-history":[{"count":6,"href":"https:\/\/www.vestral.sk\/projekt\/wp-json\/wp\/v2\/pages\/2143\/revisions"}],"predecessor-version":[{"id":2154,"href":"https:\/\/www.vestral.sk\/projekt\/wp-json\/wp\/v2\/pages\/2143\/revisions\/2154"}],"wp:attachment":[{"href":"https:\/\/www.vestral.sk\/projekt\/wp-json\/wp\/v2\/media?parent=2143"}],"curies":[{"name":"wp","href":"https:\/\/api.w.org\/{rel}","templated":true}]}}