{"id":12,"date":"2025-09-26T16:27:05","date_gmt":"2025-09-26T16:27:05","guid":{"rendered":"https:\/\/sufficient-smith-q3.zipwp.xyz\/?page_id=12"},"modified":"2025-09-26T16:27:05","modified_gmt":"2025-09-26T16:27:05","slug":"about","status":"publish","type":"page","link":"https:\/\/www.vestral.sk\/projekt\/about\/","title":{"rendered":"About"},"content":{"rendered":"\n<div class=\"wp-block-uagb-container uagb-block-6e6795cc alignfull uagb-is-root-container\"><div class=\"uagb-container-inner-blocks-wrap\">\n<div class=\"wp-block-uagb-info-box uagb-block-2b3d8aef uagb-infobox__content-wrap  uagb-infobox-icon-above-title uagb-infobox-image-valign-top\"><div class=\"uagb-ifb-content\"><div class=\"uagb-ifb-title-wrap\"><span class=\"uagb-ifb-title-prefix\">Va\u0161a cesta k dokonalej kr\u00e1se<\/span><h1 class=\"uagb-ifb-title\">Objavte n\u00e1\u0161 svet kadern\u00edckych slu\u017eieb<\/h1><\/div><\/div><\/div>\n<\/div><\/div>\n\n\n\n<div class=\"wp-block-uagb-container uagb-block-414425a3 alignfull uagb-is-root-container\"><div class=\"uagb-container-inner-blocks-wrap\">\n<div class=\"wp-block-uagb-container uagb-block-35be18b2\">\n<div class=\"wp-block-uagb-image alignleft uagb-block-71b88265 wp-block-uagb-image--layout-default wp-block-uagb-image--effect-static wp-block-uagb-image--align-left\"><figure class=\"wp-block-uagb-image__figure\"><img decoding=\"async\" srcset=\"https:\/\/www.vestral.sk\/projekt\/wp-content\/uploads\/2025\/09\/zipwp-image-placeholder-portrait.png ,https:\/\/www.vestral.sk\/projekt\/wp-content\/uploads\/2025\/09\/zipwp-image-placeholder-portrait.png 780w, https:\/\/www.vestral.sk\/projekt\/wp-content\/uploads\/2025\/09\/zipwp-image-placeholder-portrait.png 360w\" sizes=\"auto, (max-width: 480px) 150px\" src=\"https:\/\/www.vestral.sk\/projekt\/wp-content\/uploads\/2025\/09\/zipwp-image-placeholder-portrait.png\" alt=\"zipwp-image-placeholder-portrait\" class=\"uag-image-2128\" width=\"529\" height=\"550\" title=\"About\" loading=\"lazy\" role=\"img\"><\/figure><\/div>\n<\/div>\n\n\n\n<div class=\"wp-block-uagb-container uagb-block-bbe893ff\">\n<div class=\"wp-block-uagb-info-box uagb-block-6d937a9c uagb-infobox__content-wrap  uagb-infobox-icon-above-title uagb-infobox-image-valign-top\"><div class=\"uagb-ifb-content\"><div class=\"uagb-ifb-title-wrap\"><span class=\"uagb-ifb-title-prefix\">O n\u00e1s<\/span><h2 class=\"uagb-ifb-title\">Kadern\u00edctvo s v\u00e1\u0161\u0148ou a sk\u00fasenos\u0165ami<\/h2><\/div><\/div><\/div>\n\n\n\n<div class=\"wp-block-uagb-advanced-heading uagb-block-9253ed68\"><h3 class=\"uagb-heading-text\">Na\u0161\u00edm poslan\u00edm je poskytova\u0165 kvalitn\u00e9 kadern\u00edcke slu\u017eby a zabezpe\u010di\u0165, aby ste sa c\u00edtili skvele vo vlastnej ko\u017ei.<\/h3><\/div>\n\n\n\n<div class=\"wp-block-uagb-info-box uagb-block-0d4665a4 uagb-infobox__content-wrap  uagb-infobox-icon-above-title uagb-infobox-image-valign-top\"><div class=\"uagb-ifb-content\"><div class=\"uagb-ifb-title-wrap\"><p class=\"uagb-ifb-title\">Kadern\u00edctvo je modern\u00e9 kadern\u00edctvo so s\u00eddlom v Trnave, ktor\u00e9 sa \u0161pecializuje na profesion\u00e1lne slu\u017eby v oblasti strihania a \u00fapravy vlasov. N\u00e1\u0161 t\u00edm sk\u00fasen\u00fdch kadern\u00edkov sa zameriava na vytv\u00e1ranie \u0161t\u00fdlov\u00fdch \u00fa\u010desov a osobitn\u00fd pr\u00edstup ku ka\u017ed\u00e9mu z\u00e1kazn\u00edkovi. Zaviazali sme sa pon\u00faka\u0165 kvalitn\u00e9 pr\u00edpravky a vytv\u00e1ra\u0165 pr\u00edjemn\u00fa atmosf\u00e9ru, aby sme zabezpe\u010dili va\u0161u maxim\u00e1lnu spokojnos\u0165. Sme hrd\u00ed na to, \u017ee m\u00f4\u017eeme sl\u00fa\u017ei\u0165 na\u0161im klientom od roku 2020.<\/p><\/div><p class=\"uagb-ifb-desc\">Na\u0161e kadern\u00edctvo poskytuje profesion\u00e1lne a kreat\u00edvne slu\u017eby pre ka\u017ed\u00e9ho z\u00e1kazn\u00edka, pri\u010dom kladieme d\u00f4raz na osobn\u00fd pr\u00edstup.<\/p><\/div><\/div>\n<\/div>\n<\/div><\/div>\n\n\n\n<div class=\"wp-block-uagb-container uagb-block-2196f803 alignfull uagb-is-root-container\"><div class=\"uagb-container-inner-blocks-wrap\">\n<div class=\"wp-block-uagb-container uagb-block-4a3f3828 alignfull uagb-is-root-container\"><div class=\"uagb-container-inner-blocks-wrap\">\n<div class=\"wp-block-uagb-advanced-heading uagb-block-7dfb88e3\"><h2 class=\"uagb-heading-text\">Na\u0161a misia<\/h2><\/div>\n\n\n\n<div class=\"wp-block-uagb-advanced-heading uagb-block-412cfe3e\"><h3 class=\"uagb-heading-text\">Na\u0161\u00edm cie\u013eom je poskytova\u0165 prvotriedne kadern\u00edcke slu\u017eby s d\u00f4razom na spokojnos\u0165 a sebavedomie ka\u017ed\u00e9ho z\u00e1kazn\u00edka.<\/h3><\/div>\n<\/div><\/div>\n\n\n\n<div class=\"wp-block-uagb-container uagb-block-85a71cee alignfull uagb-is-root-container\"><div class=\"uagb-container-inner-blocks-wrap\">\n<div class=\"wp-block-uagb-advanced-heading uagb-block-1fce9285\"><h4 class=\"uagb-heading-text\">Historie n\u00e1\u0161ho kadern\u00edctva od zalo\u017eenia<\/h4><\/div>\n\n\n\n<div class=\"wp-block-uagb-info-box uagb-block-f5c6037e uagb-infobox__content-wrap  uagb-infobox-icon-above-title uagb-infobox-image-valign-top\"><div class=\"uagb-ifb-content\"><div class=\"uagb-ifb-title-wrap\"><p class=\"uagb-ifb-title\">Kadern\u00edctvo sme zalo\u017eili v roku 2020 s v\u00edziou poskytova\u0165 kvalitn\u00e9 a profesion\u00e1lne kadern\u00edcke slu\u017eby v Trnave. Na\u0161a cesta za\u010dala s mal\u00fdm, ale v\u00e1\u0161niv\u00fdm t\u00edmom kadern\u00edkov, ktor\u00ed sa rozhodli zamera\u0165 na individu\u00e1lne potreby z\u00e1kazn\u00edkov. V priebehu rokov sme sa vybudovali na z\u00e1klade d\u00f4very a spokojnosti na\u0161ich klientov, \u010do n\u00e1s motivovalo roz\u0161irova\u0165 na\u0161e slu\u017eby a zvy\u0161ova\u0165 \u00farove\u0148 starostlivosti o vlasy.<\/p><\/div><p class=\"uagb-ifb-desc\">Od n\u00e1\u0161ho vzniku sme sa etablovali ako jedno z najvyh\u013ead\u00e1vanej\u0161\u00edch kadern\u00edctiev v Trnave.<\/p><\/div><\/div>\n<\/div><\/div>\n<\/div><\/div>\n\n\n\n<div class=\"wp-block-uagb-container uagb-block-2dcf2946 alignfull uagb-is-root-container\"><div class=\"uagb-container-inner-blocks-wrap\">\n<div class=\"wp-block-uagb-info-box uagb-block-9b78d50f uagb-infobox__content-wrap  uagb-infobox-icon-above-title uagb-infobox-image-valign-top\"><div class=\"uagb-ifb-content\"><div class=\"uagb-ifb-title-wrap\"><span class=\"uagb-ifb-title-prefix\">Na\u0161a v\u00edzia do bud\u00facnosti<\/span><h2 class=\"uagb-ifb-title\">Na\u0161ou v\u00edziou je sta\u0165 sa l\u00eddrom v oblasti kadern\u00edckych slu\u017eieb a vytv\u00e1ra\u0165 trendy v kr\u00e1snej kult\u00fare.<\/h2><\/div><\/div><\/div>\n<\/div><\/div>\n\n\n\n<div class=\"wp-block-uagb-container uagb-block-7b2ae4e0 alignfull uagb-is-root-container\"><div class=\"uagb-container-inner-blocks-wrap\">\n<div class=\"wp-block-uagb-container uagb-block-9c729b6d\">\n<div class=\"wp-block-uagb-info-box uagb-block-965a49b3 uagb-infobox__content-wrap  uagb-infobox-icon-above-title uagb-infobox-image-valign-top wp-block-uagb-info-box--has-margin\"><div class=\"uagb-infobox-margin-wrapper\"><div class=\"uagb-ifb-content\"><div class=\"uagb-ifb-title-wrap\"><span class=\"uagb-ifb-title-prefix\">Pre\u010do si vybra\u0165 n\u00e1s<\/span><h3 class=\"uagb-ifb-title\">Jedine\u010dn\u00e9 hodnoty n\u00e1\u0161ho sal\u00f3nu<\/h3><\/div><\/div><\/div><\/div>\n\n\n\n<div class=\"wp-block-uagb-advanced-heading uagb-block-23798266\"><p class=\"uagb-desc-text\">Na\u0161a jedine\u010dn\u00e1 hodnotov\u00e1 ponuka spo\u010d\u00edva v kombin\u00e1cii odbornosti na\u0161ich kadern\u00edkov, kvalitn\u00fdch produktov a osobn\u00e9ho pr\u00edstupu, ktor\u00fd zaru\u010duje, \u017ee ka\u017ed\u00fd z\u00e1kazn\u00edk odch\u00e1dza spokojn\u00fd a sebavedom\u00fd.<\/p><\/div>\n<\/div>\n\n\n\n<div class=\"wp-block-uagb-container uagb-block-2b36acf2\">\n<div class=\"wp-block-uagb-image alignright uagb-block-e782fd24 wp-block-uagb-image--layout-default wp-block-uagb-image--effect-static wp-block-uagb-image--align-right\"><figure class=\"wp-block-uagb-image__figure\"><img decoding=\"async\" srcset=\"https:\/\/www.vestral.sk\/projekt\/wp-content\/uploads\/2025\/09\/zipwp-image-placeholder-portrait.png ,https:\/\/www.vestral.sk\/projekt\/wp-content\/uploads\/2025\/09\/zipwp-image-placeholder-portrait.png 780w, https:\/\/www.vestral.sk\/projekt\/wp-content\/uploads\/2025\/09\/zipwp-image-placeholder-portrait.png 360w\" sizes=\"auto, (max-width: 480px) 150px\" src=\"https:\/\/www.vestral.sk\/projekt\/wp-content\/uploads\/2025\/09\/zipwp-image-placeholder-portrait.png\" alt=\"zipwp-image-placeholder-portrait\" class=\"uag-image-2128\" width=\"529\" height=\"564\" title=\"About\" loading=\"lazy\" role=\"img\"><\/figure><\/div>\n\n\n\n<div class=\"wp-block-uagb-image aligncenter uagb-block-6e8fa1d9 wp-block-uagb-image--layout-default wp-block-uagb-image--effect-static wp-block-uagb-image--align-center uag-blocks-common-selector\" style=\"--z-index-desktop:1;;--z-index-tablet:undefined;;--z-index-mobile:undefined;\"><figure class=\"wp-block-uagb-image__figure\"><img decoding=\"async\" srcset=\"https:\/\/www.vestral.sk\/projekt\/wp-content\/uploads\/2025\/09\/zipwp-image-placeholder-landscape.png ,https:\/\/www.vestral.sk\/projekt\/wp-content\/uploads\/2025\/09\/zipwp-image-placeholder-landscape.png 780w, https:\/\/www.vestral.sk\/projekt\/wp-content\/uploads\/2025\/09\/zipwp-image-placeholder-landscape.png 360w\" sizes=\"auto, (max-width: 480px) 150px\" src=\"https:\/\/www.vestral.sk\/projekt\/wp-content\/uploads\/2025\/09\/zipwp-image-placeholder-landscape.png\" alt=\"zipwp-image-placeholder-landscape\" class=\"uag-image-2127\" width=\"252\" height=\"252\" title=\"About\" loading=\"lazy\" role=\"img\"><\/figure><\/div>\n<\/div>\n<\/div><\/div>\n\n\n\n<div class=\"wp-block-uagb-container uagb-block-01233b1d alignfull uagb-is-root-container\"><div class=\"uagb-container-inner-blocks-wrap\">\n<div class=\"wp-block-uagb-info-box uagb-block-d6296cb9 uagb-infobox__content-wrap  uagb-infobox-icon-above-title uagb-infobox-image-valign-top\"><div class=\"uagb-ifb-content\"><div class=\"uagb-ifb-title-wrap\"><span class=\"uagb-ifb-title-prefix\">Osl\u00e1vte svoju kr\u00e1su<\/span><h2 class=\"uagb-ifb-title\">Prihl\u00e1ste sa na na\u0161u str\u00e1nku a objavte svoj nov\u00fd \u0161t\u00fdl dnes!<\/h2><\/div><\/div><\/div>\n\n\n\n<div class=\"wp-block-uagb-buttons uagb-buttons__outer-wrap uagb-btn__default-btn uagb-btn-tablet__default-btn uagb-btn-mobile__default-btn uagb-block-0e23ee78\"><div class=\"uagb-buttons__wrap uagb-buttons-layout-wrap \">\n<div class=\"wp-block-uagb-buttons-child uagb-buttons__outer-wrap uagb-block-6cb20356 wp-block-button\"><div class=\"uagb-button__wrapper\"><a class=\"uagb-buttons-repeater ast-outline-button\" aria-label=\"\" style=\"border-width:revert-layer\" href=\"\/contact\/\" rel=\"follow noopener\" target=\"_self\"><div class=\"uagb-button__link\">Rezervova\u0165 term\u00edn<\/div><\/a><\/div><\/div>\n<\/div><\/div>\n<\/div><\/div>\n","protected":false},"excerpt":{"rendered":"<p>Na\u0161\u00edm poslan\u00edm je poskytova\u0165 kvalitn\u00e9 kadern\u00edcke slu\u017eby a zabezpe\u010di\u0165, aby ste sa c\u00edtili skvele vo vlastnej ko\u017ei. Na\u0161a misia Na\u0161\u00edm [&hellip;]<\/p>\n","protected":false},"author":6,"featured_media":0,"parent":0,"menu_order":0,"comment_status":"closed","ping_status":"closed","template":"","meta":{"_uag_custom_page_level_css":"","site-sidebar-layout":"no-sidebar","site-content-layout":"","ast-site-content-layout":"normal-width-container","site-content-style":"default","site-sidebar-style":"default","ast-global-header-display":"","ast-banner-title-visibility":"","ast-main-header-display":"","ast-hfb-above-header-display":"","ast-hfb-below-header-display":"","ast-hfb-mobile-header-display":"","site-post-title":"disabled","ast-breadcrumbs-content":"","ast-featured-img":"","footer-sml-layout":"","ast-disable-related-posts":"","theme-transparent-header-meta":"enabled","adv-header-id-meta":"","stick-header-meta":"","header-above-stick-meta":"","header-main-stick-meta":"","header-below-stick-meta":"","astra-migrate-meta-layouts":"default","ast-page-background-enabled":"default","ast-page-background-meta":{"desktop":{"background-color":"var(--ast-global-color-4)","background-image":"","background-repeat":"repeat","background-position":"center center","background-size":"auto","background-attachment":"scroll","background-type":"","background-media":"","overlay-type":"","overlay-color":"","overlay-opacity":"","overlay-gradient":""},"tablet":{"background-color":"","background-image":"","background-repeat":"repeat","background-position":"center center","background-size":"auto","background-attachment":"scroll","background-type":"","background-media":"","overlay-type":"","overlay-color":"","overlay-opacity":"","overlay-gradient":""},"mobile":{"background-color":"","background-image":"","background-repeat":"repeat","background-position":"center center","background-size":"auto","background-attachment":"scroll","background-type":"","background-media":"","overlay-type":"","overlay-color":"","overlay-opacity":"","overlay-gradient":""}},"ast-content-background-meta":{"desktop":{"background-color":"var(--ast-global-color-5)","background-image":"","background-repeat":"repeat","background-position":"center center","background-size":"auto","background-attachment":"scroll","background-type":"","background-media":"","overlay-type":"","overlay-color":"","overlay-opacity":"","overlay-gradient":""},"tablet":{"background-color":"var(--ast-global-color-5)","background-image":"","background-repeat":"repeat","background-position":"center center","background-size":"auto","background-attachment":"scroll","background-type":"","background-media":"","overlay-type":"","overlay-color":"","overlay-opacity":"","overlay-gradient":""},"mobile":{"background-color":"var(--ast-global-color-5)","background-image":"","background-repeat":"repeat","background-position":"center center","background-size":"auto","background-attachment":"scroll","background-type":"","background-media":"","overlay-type":"","overlay-color":"","overlay-opacity":"","overlay-gradient":""}},"footnotes":""},"class_list":["post-12","page","type-page","status-publish","hentry"],"uagb_featured_image_src":{"full":false,"thumbnail":false,"medium":false,"medium_large":false,"large":false,"1536x1536":false,"2048x2048":false},"uagb_author_info":{"display_name":"1zhkl3ivkphj","author_link":"https:\/\/www.vestral.sk\/projekt\/author\/1zhkl3ivkphj\/"},"uagb_comment_info":0,"uagb_excerpt":"Na\u0161\u00edm poslan\u00edm je poskytova\u0165 kvalitn\u00e9 kadern\u00edcke slu\u017eby a zabezpe\u010di\u0165, aby ste sa c\u00edtili skvele vo vlastnej ko\u017ei. Na\u0161a misia Na\u0161\u00edm [&hellip;]","_links":{"self":[{"href":"https:\/\/www.vestral.sk\/projekt\/wp-json\/wp\/v2\/pages\/12","targetHints":{"allow":["GET"]}}],"collection":[{"href":"https:\/\/www.vestral.sk\/projekt\/wp-json\/wp\/v2\/pages"}],"about":[{"href":"https:\/\/www.vestral.sk\/projekt\/wp-json\/wp\/v2\/types\/page"}],"author":[{"embeddable":true,"href":"https:\/\/www.vestral.sk\/projekt\/wp-json\/wp\/v2\/users\/6"}],"replies":[{"embeddable":true,"href":"https:\/\/www.vestral.sk\/projekt\/wp-json\/wp\/v2\/comments?post=12"}],"version-history":[{"count":2,"href":"https:\/\/www.vestral.sk\/projekt\/wp-json\/wp\/v2\/pages\/12\/revisions"}],"predecessor-version":[{"id":2139,"href":"https:\/\/www.vestral.sk\/projekt\/wp-json\/wp\/v2\/pages\/12\/revisions\/2139"}],"wp:attachment":[{"href":"https:\/\/www.vestral.sk\/projekt\/wp-json\/wp\/v2\/media?parent=12"}],"curies":[{"name":"wp","href":"https:\/\/api.w.org\/{rel}","templated":true}]}}