{"id":49,"date":"2024-12-29T12:55:57","date_gmt":"2024-12-29T11:55:57","guid":{"rendered":"https:\/\/www.vestral.sk\/lubenos\/?page_id=49"},"modified":"2024-12-29T15:52:08","modified_gmt":"2024-12-29T14:52:08","slug":"o-nas","status":"publish","type":"page","link":"https:\/\/www.vestral.sk\/lubenos\/index.php\/o-nas\/","title":{"rendered":"O n\u00e1s"},"content":{"rendered":"\n<div class=\"wp-block-group alignfull has-background-background-color has-background is-layout-flow wp-block-group-is-layout-flow\" style=\"padding-top:6vw;padding-right:6vw;padding-bottom:6vw;padding-left:6vw\">\n<div class=\"wp-block-group is-vertical is-nowrap is-layout-flex wp-container-core-group-is-layout-36fd9ea3 wp-block-group-is-layout-flex\" style=\"padding-right:0;padding-left:0\">\n<p class=\"has-foreground-color has-text-color\" style=\"font-size:6vw;font-style:normal;font-weight:700;letter-spacing:0px;line-height:0.9;text-decoration:none;text-transform:none\"><strong>O n\u00e1s \u2013 Pr\u00edbeh pln\u00fd chuti<\/strong><\/p>\n<\/div>\n\n\n\n<div style=\"height:1vw\" aria-hidden=\"true\" class=\"wp-block-spacer\"><\/div>\n\n\n\n<div class=\"wp-block-group alignwide is-vertical is-nowrap is-layout-flex wp-container-core-group-is-layout-7946b6b8 wp-block-group-is-layout-flex\" style=\"padding-top:0;padding-right:0;padding-bottom:0;padding-left:0\">\n<div class=\"wp-block-columns alignwide is-layout-flex wp-container-core-columns-is-layout-21b20327 wp-block-columns-is-layout-flex\">\n<div class=\"wp-block-column is-layout-flow wp-block-column-is-layout-flow\" style=\"flex-basis:33.38%\">\n<p class=\"has-foreground-color has-text-color\" style=\"font-size:17px\">Vitajte v z\u00e1kulis\u00ed <strong>Birbados<\/strong> StreetFood! Tu sa za\u010d\u00edna pr\u00edbeh o tom, ako v\u00e1\u0161e\u0148 k jedlu prer\u00e1stla do nie\u010doho v\u00e4\u010d\u0161ieho. Sme skupina milovn\u00edkov streetfoodu, ktor\u00ed veria, \u017ee dobr\u00e9 jedlo dok\u00e1\u017ee sp\u00e1ja\u0165 \u013eud\u00ed, vytv\u00e1ra\u0165 spomienky a rozpr\u00e1va\u0165 pr\u00edbehy.<\/p>\n\n\n\n<p class=\"has-foreground-color has-text-color has-link-color wp-elements-fa40ff23d95179ed1f3721a7c92743b7\">Na\u0161a cesta za\u010dala jednoduchou my\u0161lienkou \u2013 prinies\u0165 na slovensk\u00e9 ulice nie\u010do nov\u00e9, svie\u017ee a origin\u00e1lne. Chceli sme vytvori\u0165 jedlo, ktor\u00e9 nie je len r\u00fdchlou zast\u00e1vkou, ale plnohodnotn\u00fdm z\u00e1\u017eitkom. Preto v <strong>Birbados<\/strong> StreetFood v\u017edy kladieme d\u00f4raz na:<\/p>\n<\/div>\n\n\n\n<div class=\"wp-block-column is-layout-flow wp-block-column-is-layout-flow\" style=\"flex-basis:33%\">\n<div style=\"height:2vw\" aria-hidden=\"true\" class=\"wp-block-spacer\"><\/div>\n\n\n\n<figure class=\"wp-block-image size-full is-style-rounded\"><img loading=\"lazy\" decoding=\"async\" width=\"1024\" height=\"1024\" src=\"https:\/\/www.vestral.sk\/lubenos\/wp-content\/uploads\/2024\/12\/hamburger-with-a-yellow-background.jpg\" alt=\"\" class=\"wp-image-27\" srcset=\"https:\/\/www.vestral.sk\/lubenos\/wp-content\/uploads\/2024\/12\/hamburger-with-a-yellow-background.jpg 1024w, https:\/\/www.vestral.sk\/lubenos\/wp-content\/uploads\/2024\/12\/hamburger-with-a-yellow-background-300x300.jpg 300w, https:\/\/www.vestral.sk\/lubenos\/wp-content\/uploads\/2024\/12\/hamburger-with-a-yellow-background-150x150.jpg 150w, https:\/\/www.vestral.sk\/lubenos\/wp-content\/uploads\/2024\/12\/hamburger-with-a-yellow-background-768x768.jpg 768w\" sizes=\"auto, (max-width: 1024px) 100vw, 1024px\" \/><\/figure>\n<\/div>\n\n\n\n<div class=\"wp-block-column is-layout-flow wp-block-column-is-layout-flow\" style=\"flex-basis:33.62%\">\n<figure class=\"wp-block-image size-full is-style-rounded\"><img loading=\"lazy\" decoding=\"async\" width=\"1024\" height=\"1024\" src=\"https:\/\/www.vestral.sk\/lubenos\/wp-content\/uploads\/2024\/12\/realistic-salad-icon.jpg\" alt=\"\" class=\"wp-image-33\" srcset=\"https:\/\/www.vestral.sk\/lubenos\/wp-content\/uploads\/2024\/12\/realistic-salad-icon.jpg 1024w, https:\/\/www.vestral.sk\/lubenos\/wp-content\/uploads\/2024\/12\/realistic-salad-icon-300x300.jpg 300w, https:\/\/www.vestral.sk\/lubenos\/wp-content\/uploads\/2024\/12\/realistic-salad-icon-150x150.jpg 150w, https:\/\/www.vestral.sk\/lubenos\/wp-content\/uploads\/2024\/12\/realistic-salad-icon-768x768.jpg 768w\" sizes=\"auto, (max-width: 1024px) 100vw, 1024px\" \/><\/figure>\n<\/div>\n<\/div>\n\n\n\n<div class=\"wp-block-columns alignwide is-layout-flex wp-container-core-columns-is-layout-c24efe4f wp-block-columns-is-layout-flex\">\n<div class=\"wp-block-column is-layout-flow wp-block-column-is-layout-flow\" style=\"flex-basis:69%\">\n<figure class=\"wp-block-image size-full is-style-rounded\"><img loading=\"lazy\" decoding=\"async\" width=\"1024\" height=\"1024\" src=\"https:\/\/www.vestral.sk\/lubenos\/wp-content\/uploads\/2024\/12\/realistic-book-icon.jpg\" alt=\"\" class=\"wp-image-34\" srcset=\"https:\/\/www.vestral.sk\/lubenos\/wp-content\/uploads\/2024\/12\/realistic-book-icon.jpg 1024w, https:\/\/www.vestral.sk\/lubenos\/wp-content\/uploads\/2024\/12\/realistic-book-icon-300x300.jpg 300w, https:\/\/www.vestral.sk\/lubenos\/wp-content\/uploads\/2024\/12\/realistic-book-icon-150x150.jpg 150w, https:\/\/www.vestral.sk\/lubenos\/wp-content\/uploads\/2024\/12\/realistic-book-icon-768x768.jpg 768w\" sizes=\"auto, (max-width: 1024px) 100vw, 1024px\" \/><\/figure>\n<\/div>\n\n\n\n<div class=\"wp-block-column is-vertically-aligned-center is-layout-flow wp-block-column-is-layout-flow\" style=\"flex-basis:33%\">\n<div style=\"height:2vw\" aria-hidden=\"true\" class=\"wp-block-spacer\"><\/div>\n\n\n\n<p class=\"has-foreground-color has-text-color has-link-color wp-elements-d893dd1c85cd796ba5987e7407f0cd55\"><strong>Uvo\u013enenos\u0165 a z\u00e1bavu:<\/strong> Streetfood je o energii a radosti. N\u00e1\u0161 t\u00edm je v\u017edy pripraven\u00fd v\u00e1s priv\u00edta\u0165 s \u00fasmevom a doda\u0165 v\u00e1\u0161mu d\u0148u trochu chuti.<\/p>\n\n\n\n<p class=\"has-foreground-color has-text-color has-link-color wp-elements-abe4d5e058914e54748d5b494a9a3a3d\"><strong>Originalitu chut\u00ed:<\/strong> In\u0161pirujeme sa svetovou kuchy\u0148ou, no prid\u00e1vame do nej vlastn\u00fa stopu. Ka\u017ed\u00e9 jedlo v sebe nesie kus na\u0161ej kreativity a odvahy sk\u00fa\u0161a\u0165 nov\u00e9 veci.<\/p>\n\n\n\n<p class=\"has-foreground-color has-text-color has-link-color wp-elements-414af2baab8a791c9e55c85ccddbacb5\"><strong>Kvalitu bez kompromisov:<\/strong> Pou\u017e\u00edvame \u010derstv\u00e9 suroviny od lok\u00e1lnych farm\u00e1rov a dod\u00e1vate\u013eov, preto\u017ee ver\u00edme, \u017ee len tie najlep\u0161ie ingrediencie m\u00f4\u017eu vytvori\u0165 dokonal\u00e9 chute.<\/p>\n<\/div>\n<\/div>\n<\/div>\n<\/div>\n","protected":false},"excerpt":{"rendered":"<p>O n\u00e1s \u2013 Pr\u00edbeh pln\u00fd chuti Vitajte v z\u00e1kulis\u00ed Birbados StreetFood! Tu sa za\u010d\u00edna pr\u00edbeh o tom, ako v\u00e1\u0161e\u0148 k jedlu prer\u00e1stla do nie\u010doho v\u00e4\u010d\u0161ieho. Sme skupina milovn\u00edkov streetfoodu, ktor\u00ed veria, \u017ee dobr\u00e9 jedlo dok\u00e1\u017ee sp\u00e1ja\u0165 \u013eud\u00ed, vytv\u00e1ra\u0165 spomienky a rozpr\u00e1va\u0165 pr\u00edbehy. Na\u0161a cesta za\u010dala jednoduchou my\u0161lienkou \u2013 prinies\u0165 na slovensk\u00e9 ulice nie\u010do nov\u00e9, svie\u017ee [&hellip;]<\/p>\n","protected":false},"author":1,"featured_media":0,"parent":0,"menu_order":0,"comment_status":"closed","ping_status":"closed","template":"","meta":{"footnotes":""},"class_list":["post-49","page","type-page","status-publish","hentry"],"_links":{"self":[{"href":"https:\/\/www.vestral.sk\/lubenos\/index.php\/wp-json\/wp\/v2\/pages\/49","targetHints":{"allow":["GET"]}}],"collection":[{"href":"https:\/\/www.vestral.sk\/lubenos\/index.php\/wp-json\/wp\/v2\/pages"}],"about":[{"href":"https:\/\/www.vestral.sk\/lubenos\/index.php\/wp-json\/wp\/v2\/types\/page"}],"author":[{"embeddable":true,"href":"https:\/\/www.vestral.sk\/lubenos\/index.php\/wp-json\/wp\/v2\/users\/1"}],"replies":[{"embeddable":true,"href":"https:\/\/www.vestral.sk\/lubenos\/index.php\/wp-json\/wp\/v2\/comments?post=49"}],"version-history":[{"count":3,"href":"https:\/\/www.vestral.sk\/lubenos\/index.php\/wp-json\/wp\/v2\/pages\/49\/revisions"}],"predecessor-version":[{"id":60,"href":"https:\/\/www.vestral.sk\/lubenos\/index.php\/wp-json\/wp\/v2\/pages\/49\/revisions\/60"}],"wp:attachment":[{"href":"https:\/\/www.vestral.sk\/lubenos\/index.php\/wp-json\/wp\/v2\/media?parent=49"}],"curies":[{"name":"wp","href":"https:\/\/api.w.org\/{rel}","templated":true}]}}