{"id":91,"date":"2024-12-14T08:32:23","date_gmt":"2024-12-14T07:32:23","guid":{"rendered":"https:\/\/www.vestral.sk\/?page_id=91"},"modified":"2026-03-15T11:38:03","modified_gmt":"2026-03-15T10:38:03","slug":"kontakt-2","status":"publish","type":"page","link":"https:\/\/www.vestral.sk\/index.php\/kontakt-2\/","title":{"rendered":"Kontakt"},"content":{"rendered":"\n<h2 class=\"wp-block-heading has-text-align-center is-style-text-display\"><strong>Kontaktujte n\u00e1s<\/strong><\/h2>\n\n\n\n<div class=\"wp-block-columns is-layout-flex wp-container-core-columns-is-layout-d0b3c9c8 wp-block-columns-is-layout-flex\">\n<div class=\"wp-block-column is-vertically-aligned-top is-layout-flow wp-block-column-is-layout-flow\">\n<div class=\"wp-block-buttons is-content-justification-center is-layout-flex wp-container-core-buttons-is-layout-a89b3969 wp-block-buttons-is-layout-flex\">\n<div class=\"wp-block-button\"><a class=\"wp-block-button__link wp-element-button\" href=\"#kontakt-redirect\">Kontaktn\u00fdm formul\u00e1rom<\/a><\/div>\n\n\n\n<div class=\"wp-block-button is-style-outline is-style-outline--1\"><a class=\"wp-block-button__link wp-element-button\" href=\"mailto:podpora@vestral.sk\">Mailom<\/a><\/div>\n<\/div>\n<\/div>\n<\/div>\n\n\n\n<p>E-mail: <a href=\"mailto:podpora@vestral.sk\">podpora@vestral.sk<\/a><\/p>\n\n\n\n<details class=\"wp-block-details is-layout-flow wp-block-details-is-layout-flow\"><summary>Pr\u00e1vne inform\u00e1cie a s\u00eddlo<\/summary>\n<p>DataPoint s.r.o.<br>Lipov\u00e1 75 900 27 Bernol\u00e1kovo, Slovakia<br>I\u010cO: 51166887<br>I\u010c DPH: SK2120624594<\/p>\n<\/details>\n","protected":false},"excerpt":{"rendered":"<p>Kontaktujte n\u00e1s E-mail: podpora@vestral.sk<\/p>\n","protected":false},"author":1,"featured_media":35,"parent":0,"menu_order":0,"comment_status":"closed","ping_status":"closed","template":"","meta":{"om_disable_all_campaigns":false,"footnotes":""},"class_list":["post-91","page","type-page","status-publish","has-post-thumbnail","hentry"],"yoast_head":"<!-- This site is optimized with the Yoast SEO plugin v27.5 - https:\/\/yoast.com\/product\/yoast-seo-wordpress\/ -->\n<title>Kontakt - Vestral<\/title>\n<meta name=\"robots\" content=\"index, follow, max-snippet:-1, max-image-preview:large, max-video-preview:-1\" \/>\n<link rel=\"canonical\" href=\"https:\/\/www.vestral.sk\/index.php\/kontakt-2\/\" \/>\n<meta property=\"og:locale\" content=\"sk_SK\" \/>\n<meta property=\"og:type\" content=\"article\" \/>\n<meta property=\"og:title\" content=\"Kontakt - Vestral\" \/>\n<meta property=\"og:description\" content=\"Kontaktujte n\u00e1s E-mail: podpora@vestral.sk\" \/>\n<meta property=\"og:url\" content=\"https:\/\/www.vestral.sk\/index.php\/kontakt-2\/\" \/>\n<meta property=\"og:site_name\" content=\"Vestral\" \/>\n<meta property=\"article:modified_time\" content=\"2026-03-15T10:38:03+00:00\" \/>\n<meta property=\"og:image\" content=\"https:\/\/www.vestral.sk\/wp-content\/uploads\/2024\/12\/TQ4gdSpG_kgby_1024.webp\" \/>\n\t<meta property=\"og:image:width\" content=\"1024\" \/>\n\t<meta property=\"og:image:height\" content=\"1024\" \/>\n\t<meta property=\"og:image:type\" content=\"image\/webp\" \/>\n<meta name=\"twitter:card\" content=\"summary_large_image\" \/>\n<script type=\"application\/ld+json\" class=\"yoast-schema-graph\">{\"@context\":\"https:\\\/\\\/schema.org\",\"@graph\":[{\"@type\":\"WebPage\",\"@id\":\"https:\\\/\\\/www.vestral.sk\\\/index.php\\\/kontakt-2\\\/\",\"url\":\"https:\\\/\\\/www.vestral.sk\\\/index.php\\\/kontakt-2\\\/\",\"name\":\"Kontakt - Vestral\",\"isPartOf\":{\"@id\":\"https:\\\/\\\/www.vestral.sk\\\/#website\"},\"primaryImageOfPage\":{\"@id\":\"https:\\\/\\\/www.vestral.sk\\\/index.php\\\/kontakt-2\\\/#primaryimage\"},\"image\":{\"@id\":\"https:\\\/\\\/www.vestral.sk\\\/index.php\\\/kontakt-2\\\/#primaryimage\"},\"thumbnailUrl\":\"https:\\\/\\\/www.vestral.sk\\\/wp-content\\\/uploads\\\/2024\\\/12\\\/TQ4gdSpG_kgby_1024.webp\",\"datePublished\":\"2024-12-14T07:32:23+00:00\",\"dateModified\":\"2026-03-15T10:38:03+00:00\",\"breadcrumb\":{\"@id\":\"https:\\\/\\\/www.vestral.sk\\\/index.php\\\/kontakt-2\\\/#breadcrumb\"},\"inLanguage\":\"sk-SK\",\"potentialAction\":[{\"@type\":\"ReadAction\",\"target\":[\"https:\\\/\\\/www.vestral.sk\\\/index.php\\\/kontakt-2\\\/\"]}]},{\"@type\":\"ImageObject\",\"inLanguage\":\"sk-SK\",\"@id\":\"https:\\\/\\\/www.vestral.sk\\\/index.php\\\/kontakt-2\\\/#primaryimage\",\"url\":\"https:\\\/\\\/www.vestral.sk\\\/wp-content\\\/uploads\\\/2024\\\/12\\\/TQ4gdSpG_kgby_1024.webp\",\"contentUrl\":\"https:\\\/\\\/www.vestral.sk\\\/wp-content\\\/uploads\\\/2024\\\/12\\\/TQ4gdSpG_kgby_1024.webp\",\"width\":1024,\"height\":1024},{\"@type\":\"BreadcrumbList\",\"@id\":\"https:\\\/\\\/www.vestral.sk\\\/index.php\\\/kontakt-2\\\/#breadcrumb\",\"itemListElement\":[{\"@type\":\"ListItem\",\"position\":1,\"name\":\"Domovsk\u00e1 str\u00e1nka\",\"item\":\"https:\\\/\\\/www.vestral.sk\\\/\"},{\"@type\":\"ListItem\",\"position\":2,\"name\":\"Kontakt\"}]},{\"@type\":\"WebSite\",\"@id\":\"https:\\\/\\\/www.vestral.sk\\\/#website\",\"url\":\"https:\\\/\\\/www.vestral.sk\\\/\",\"name\":\"Vestral\",\"description\":\"Inov\u00e1cia v ka\u017edom pixeli\",\"publisher\":{\"@id\":\"https:\\\/\\\/www.vestral.sk\\\/#organization\"},\"potentialAction\":[{\"@type\":\"SearchAction\",\"target\":{\"@type\":\"EntryPoint\",\"urlTemplate\":\"https:\\\/\\\/www.vestral.sk\\\/?s={search_term_string}\"},\"query-input\":{\"@type\":\"PropertyValueSpecification\",\"valueRequired\":true,\"valueName\":\"search_term_string\"}}],\"inLanguage\":\"sk-SK\"},{\"@type\":\"Organization\",\"@id\":\"https:\\\/\\\/www.vestral.sk\\\/#organization\",\"name\":\"Vestral\",\"url\":\"https:\\\/\\\/www.vestral.sk\\\/\",\"logo\":{\"@type\":\"ImageObject\",\"inLanguage\":\"sk-SK\",\"@id\":\"https:\\\/\\\/www.vestral.sk\\\/#\\\/schema\\\/logo\\\/image\\\/\",\"url\":\"https:\\\/\\\/www.vestral.sk\\\/wp-content\\\/uploads\\\/2026\\\/01\\\/VESTRAL-1-3-e1736603458664.webp\",\"contentUrl\":\"https:\\\/\\\/www.vestral.sk\\\/wp-content\\\/uploads\\\/2026\\\/01\\\/VESTRAL-1-3-e1736603458664.webp\",\"width\":111,\"height\":120,\"caption\":\"Vestral\"},\"image\":{\"@id\":\"https:\\\/\\\/www.vestral.sk\\\/#\\\/schema\\\/logo\\\/image\\\/\"}}]}<\/script>\n<!-- \/ Yoast SEO plugin. -->","yoast_head_json":{"title":"Kontakt - Vestral","robots":{"index":"index","follow":"follow","max-snippet":"max-snippet:-1","max-image-preview":"max-image-preview:large","max-video-preview":"max-video-preview:-1"},"canonical":"https:\/\/www.vestral.sk\/index.php\/kontakt-2\/","og_locale":"sk_SK","og_type":"article","og_title":"Kontakt - Vestral","og_description":"Kontaktujte n\u00e1s E-mail: podpora@vestral.sk","og_url":"https:\/\/www.vestral.sk\/index.php\/kontakt-2\/","og_site_name":"Vestral","article_modified_time":"2026-03-15T10:38:03+00:00","og_image":[{"width":1024,"height":1024,"url":"https:\/\/www.vestral.sk\/wp-content\/uploads\/2024\/12\/TQ4gdSpG_kgby_1024.webp","type":"image\/webp"}],"twitter_card":"summary_large_image","schema":{"@context":"https:\/\/schema.org","@graph":[{"@type":"WebPage","@id":"https:\/\/www.vestral.sk\/index.php\/kontakt-2\/","url":"https:\/\/www.vestral.sk\/index.php\/kontakt-2\/","name":"Kontakt - Vestral","isPartOf":{"@id":"https:\/\/www.vestral.sk\/#website"},"primaryImageOfPage":{"@id":"https:\/\/www.vestral.sk\/index.php\/kontakt-2\/#primaryimage"},"image":{"@id":"https:\/\/www.vestral.sk\/index.php\/kontakt-2\/#primaryimage"},"thumbnailUrl":"https:\/\/www.vestral.sk\/wp-content\/uploads\/2024\/12\/TQ4gdSpG_kgby_1024.webp","datePublished":"2024-12-14T07:32:23+00:00","dateModified":"2026-03-15T10:38:03+00:00","breadcrumb":{"@id":"https:\/\/www.vestral.sk\/index.php\/kontakt-2\/#breadcrumb"},"inLanguage":"sk-SK","potentialAction":[{"@type":"ReadAction","target":["https:\/\/www.vestral.sk\/index.php\/kontakt-2\/"]}]},{"@type":"ImageObject","inLanguage":"sk-SK","@id":"https:\/\/www.vestral.sk\/index.php\/kontakt-2\/#primaryimage","url":"https:\/\/www.vestral.sk\/wp-content\/uploads\/2024\/12\/TQ4gdSpG_kgby_1024.webp","contentUrl":"https:\/\/www.vestral.sk\/wp-content\/uploads\/2024\/12\/TQ4gdSpG_kgby_1024.webp","width":1024,"height":1024},{"@type":"BreadcrumbList","@id":"https:\/\/www.vestral.sk\/index.php\/kontakt-2\/#breadcrumb","itemListElement":[{"@type":"ListItem","position":1,"name":"Domovsk\u00e1 str\u00e1nka","item":"https:\/\/www.vestral.sk\/"},{"@type":"ListItem","position":2,"name":"Kontakt"}]},{"@type":"WebSite","@id":"https:\/\/www.vestral.sk\/#website","url":"https:\/\/www.vestral.sk\/","name":"Vestral","description":"Inov\u00e1cia v ka\u017edom pixeli","publisher":{"@id":"https:\/\/www.vestral.sk\/#organization"},"potentialAction":[{"@type":"SearchAction","target":{"@type":"EntryPoint","urlTemplate":"https:\/\/www.vestral.sk\/?s={search_term_string}"},"query-input":{"@type":"PropertyValueSpecification","valueRequired":true,"valueName":"search_term_string"}}],"inLanguage":"sk-SK"},{"@type":"Organization","@id":"https:\/\/www.vestral.sk\/#organization","name":"Vestral","url":"https:\/\/www.vestral.sk\/","logo":{"@type":"ImageObject","inLanguage":"sk-SK","@id":"https:\/\/www.vestral.sk\/#\/schema\/logo\/image\/","url":"https:\/\/www.vestral.sk\/wp-content\/uploads\/2026\/01\/VESTRAL-1-3-e1736603458664.webp","contentUrl":"https:\/\/www.vestral.sk\/wp-content\/uploads\/2026\/01\/VESTRAL-1-3-e1736603458664.webp","width":111,"height":120,"caption":"Vestral"},"image":{"@id":"https:\/\/www.vestral.sk\/#\/schema\/logo\/image\/"}}]}},"_links":{"self":[{"href":"https:\/\/www.vestral.sk\/index.php\/wp-json\/wp\/v2\/pages\/91","targetHints":{"allow":["GET"]}}],"collection":[{"href":"https:\/\/www.vestral.sk\/index.php\/wp-json\/wp\/v2\/pages"}],"about":[{"href":"https:\/\/www.vestral.sk\/index.php\/wp-json\/wp\/v2\/types\/page"}],"author":[{"embeddable":true,"href":"https:\/\/www.vestral.sk\/index.php\/wp-json\/wp\/v2\/users\/1"}],"replies":[{"embeddable":true,"href":"https:\/\/www.vestral.sk\/index.php\/wp-json\/wp\/v2\/comments?post=91"}],"version-history":[{"count":0,"href":"https:\/\/www.vestral.sk\/index.php\/wp-json\/wp\/v2\/pages\/91\/revisions"}],"wp:featuredmedia":[{"embeddable":true,"href":"https:\/\/www.vestral.sk\/index.php\/wp-json\/wp\/v2\/media\/35"}],"wp:attachment":[{"href":"https:\/\/www.vestral.sk\/index.php\/wp-json\/wp\/v2\/media?parent=91"}],"curies":[{"name":"wp","href":"https:\/\/api.w.org\/{rel}","templated":true}]}}