{"id":7776,"date":"2025-12-04T18:22:01","date_gmt":"2025-12-04T17:22:01","guid":{"rendered":"https:\/\/www.vestral.sk\/?page_id=7776"},"modified":"2026-04-10T17:16:46","modified_gmt":"2026-04-10T15:16:46","slug":"udrzba-webstranok","status":"publish","type":"page","link":"https:\/\/www.vestral.sk\/index.php\/udrzba-webstranok\/","title":{"rendered":"\u00dadr\u017eba webstr\u00e1nok"},"content":{"rendered":"<h1 class=\"has-text-align-center wp-block-post-title\">\u00dadr\u017eba webstr\u00e1nok<\/h1>\n\n\n<p>Aby v\u00e1\u0161 web fungoval spo\u013eahlivo ka\u017ed\u00fd de\u0148.<\/p>\n\n\n\n<p>Star\u00e1m sa o to, aby bola va\u0161a str\u00e1nka bezpe\u010dn\u00e1, r\u00fdchla a v\u017edy plne funk\u010dn\u00e1. Pravidelne kontrolujem cel\u00fd syst\u00e9m, sledujem, \u010di v\u0161etko pracuje tak, ako m\u00e1, a rie\u0161im pr\u00edpadn\u00e9 probl\u00e9my e\u0161te sk\u00f4r, ne\u017e ich zbad\u00e1te.<\/p>\n\n\n\n<p>Db\u00e1m na to, aby bol web v\u017edy aktu\u00e1lny, stabiln\u00fd a pripraven\u00fd zvl\u00e1dnu\u0165 n\u00e1v\u0161tevn\u00edkov bez spomalenia \u010di v\u00fdpadkov. Priebe\u017ene kontrolujem technick\u00fd stav, priebeh aktualiz\u00e1ci\u00ed, spr\u00e1vne fungovanie formul\u00e1rov, e-mailov, odkazov a v\u0161etk\u00fdch d\u00f4le\u017eit\u00fdch \u010dast\u00ed str\u00e1nky.<\/p>\n\n\n\n<p>S\u00fa\u010das\u0165ou \u00fadr\u017eby s\u00fa aj pravideln\u00e9 z\u00e1lohy, v\u010faka ktor\u00fdm sa d\u00e1 web v pr\u00edpade potreby r\u00fdchlo obnovi\u0165. Rovnako dohliadam na v\u00fdkon, r\u00fdchlos\u0165 na\u010d\u00edtania a celkov\u00fa plynulos\u0165 fungovania.<\/p>\n\n\n\n<p>V\u00fdsledkom je web, o ktor\u00fd sa nemus\u00edte stara\u0165 vy \u2013 m\u00e1te istotu, \u017ee be\u017e\u00ed bezpe\u010dne, r\u00fdchlo a bez starost\u00ed.<\/p>\n\n\n\n<div class=\"wp-block-group alignfull has-base-background-color has-background is-layout-constrained wp-block-group-is-layout-constrained\">\n<h2 class=\"wp-block-heading has-text-align-center\"><strong>Zabezpe\u010dte si bezprobl\u00e9mov\u00fd web<\/strong><\/h2>\n\n\n\n<div class=\"wp-block-columns alignwide tw-cols-stack-md-2 is-layout-flex wp-container-core-columns-is-layout-041737d3 wp-block-columns-is-layout-flex\">\n<div class=\"wp-block-column tw-stack is-layout-flow wp-block-column-is-layout-flow\">\n<h3 class=\"wp-block-heading\">Z\u00e1kladn\u00e1 \u00fadr\u017eba<\/h3>\n\n\n\n<p style=\"margin-top:8px;font-size:36px;line-height:1.2\">\u20ac29,99\/mesiac<\/p>\n\n\n\n<p class=\"has-primary-color has-text-color has-link-color wp-elements-45760a0428404354f36bf7ffcafdae77\">Pre mal\u00e9 prezenta\u010dn\u00e9 weby, kde sa \u010dasto ni\u010d nemen\u00ed.<\/p>\n\n\n\n<p><strong>Obsahuje:<\/strong><\/p>\n\n\n\n<ul class=\"wp-block-list\">\n<li>pravideln\u00e9 aktualiz\u00e1cie<\/li>\n\n\n\n<li>z\u00e1kladn\u00fa kontrolu bezpe\u010dnosti<\/li>\n\n\n\n<li>mesa\u010dn\u00fa kontrolu funk\u010dnosti webu<\/li>\n\n\n\n<li>mesa\u010dn\u00e9 z\u00e1lohovanie<\/li>\n\n\n\n<li>sledovanie, \u010di web be\u017e\u00ed a ni\u010d nepad\u00e1<\/li>\n\n\n\n<li>\u00fapravy, opravy a aktualiz\u00e1cie pribli\u017ene 60 min mesa\u010dne<\/li>\n<\/ul>\n\n\n\n<div class=\"wp-block-buttons is-layout-flex wp-block-buttons-is-layout-flex\">\n<div class=\"wp-block-button\"><a class=\"wp-block-button__link wp-element-button\" href=\"https:\/\/www.vestral.sk\/index.php\/kontakt-2\/\">Kontakt<\/a><\/div>\n<\/div>\n<\/div>\n\n\n\n<div class=\"wp-block-column tw-stack is-layout-flow wp-block-column-is-layout-flow\">\n<h3 class=\"wp-block-heading\">\u0160tandardn\u00e1 \u00fadr\u017eba<\/h3>\n\n\n\n<p style=\"margin-top:8px;font-size:36px;line-height:1.2\">\u20ac49,99\/mesiac<\/p>\n\n\n\n<p class=\"has-secondary-color has-text-color\" style=\"margin-bottom:var(--wp--preset--spacing--auto)\">Naj\u010dastej\u0161ia vo\u013eba medzi firmami.<\/p>\n\n\n\n<p><strong>Obsahuje:<\/strong><\/p>\n\n\n\n<ul class=\"wp-block-list\">\n<li>v\u0161etko zo z\u00e1kladn\u00e9ho bal\u00edka<\/li>\n\n\n\n<li>t\u00fd\u017edenn\u00e9 aktualiz\u00e1cie<\/li>\n\n\n\n<li>pravideln\u00e9 optimalizovanie r\u00fdchlosti<\/li>\n\n\n\n<li>automatick\u00e9 z\u00e1lohy<\/li>\n\n\n\n<li>kontrola formul\u00e1rov a e-mailov<\/li>\n\n\n\n<li>monitoring ch\u00fdb (404, rozbit\u00e9 odkazy)<\/li>\n\n\n\n<li>\u00fapravy, opravy a aktualiz\u00e1cie pribli\u017ene 120 min mesa\u010dne<\/li>\n<\/ul>\n\n\n\n<div class=\"wp-block-buttons is-layout-flex wp-block-buttons-is-layout-flex\">\n<div class=\"wp-block-button\"><a class=\"wp-block-button__link wp-element-button\" href=\"https:\/\/www.vestral.sk\/index.php\/kontakt-2\/\">Kontakt<\/a><\/div>\n<\/div>\n<\/div>\n\n\n\n<div class=\"wp-block-column tw-stack is-layout-flow wp-block-column-is-layout-flow\">\n<h3 class=\"wp-block-heading\">Pr\u00e9miov\u00e1 \u00fadr\u017eba<\/h3>\n\n\n\n<p style=\"margin-top:8px;font-size:36px;line-height:1.2\">\u20ac99,99\/mesiac<\/p>\n\n\n\n<p class=\"has-secondary-color has-text-color\" style=\"margin-bottom:var(--wp--preset--spacing--auto)\">Pre firmy, ktor\u00e9 chc\u00fa r\u00fdchlu reakciu a nonstop starostlivos\u0165.<\/p>\n\n\n\n<p><strong>Obsahuje:<\/strong><\/p>\n\n\n\n<ul class=\"wp-block-list\">\n<li>v\u0161etko zo \u0161tandardu<\/li>\n\n\n\n<li>priorita pri rie\u0161en\u00ed probl\u00e9mov<\/li>\n\n\n\n<li>reak\u010dn\u00fd \u010das do 24 hod\u00edn<\/li>\n\n\n\n<li>kompletn\u00fd bezpe\u010dnostn\u00fd doh\u013ead<\/li>\n\n\n\n<li>roz\u0161\u00edren\u00e9 ladenie v\u00fdkonu<\/li>\n\n\n\n<li>\u00fapravy, opravy a aktualiz\u00e1cie pribli\u017ene 4 hod mesa\u010dne<\/li>\n\n\n\n<li>mesa\u010dn\u00fd report (dobr\u00e9 pre firemn\u00fdch klientov)<\/li>\n<\/ul>\n\n\n\n<div class=\"wp-block-buttons is-layout-flex wp-block-buttons-is-layout-flex\">\n<div class=\"wp-block-button\"><a class=\"wp-block-button__link wp-element-button\" href=\"https:\/\/www.vestral.sk\/index.php\/kontakt-2\/\">Kontakt<\/a><\/div>\n<\/div>\n<\/div>\n<\/div>\n<\/div>\n","protected":false},"excerpt":{"rendered":"<p>Aby v\u00e1\u0161 web fungoval spo\u013eahlivo ka\u017ed\u00fd de\u0148. Star\u00e1m sa o to, aby bola va\u0161a str\u00e1nka [&hellip;]<\/p>\n","protected":false},"author":1,"featured_media":0,"parent":0,"menu_order":0,"comment_status":"closed","ping_status":"closed","template":"","meta":{"om_disable_all_campaigns":false,"footnotes":""},"class_list":["post-7776","page","type-page","status-publish","hentry"],"yoast_head":"<!-- This site is optimized with the Yoast SEO plugin v27.5 - https:\/\/yoast.com\/product\/yoast-seo-wordpress\/ -->\n<title>\u00dadr\u017eba webstr\u00e1nok - Vestral<\/title>\n<meta name=\"robots\" content=\"index, follow, max-snippet:-1, max-image-preview:large, max-video-preview:-1\" \/>\n<link rel=\"canonical\" href=\"https:\/\/www.vestral.sk\/index.php\/udrzba-webstranok\/\" \/>\n<meta property=\"og:locale\" content=\"sk_SK\" \/>\n<meta property=\"og:type\" content=\"article\" \/>\n<meta property=\"og:title\" content=\"\u00dadr\u017eba webstr\u00e1nok - Vestral\" \/>\n<meta property=\"og:description\" content=\"Aby v\u00e1\u0161 web fungoval spo\u013eahlivo ka\u017ed\u00fd de\u0148. Star\u00e1m sa o to, aby bola va\u0161a str\u00e1nka [&hellip;]\" \/>\n<meta property=\"og:url\" content=\"https:\/\/www.vestral.sk\/index.php\/udrzba-webstranok\/\" \/>\n<meta property=\"og:site_name\" content=\"Vestral\" \/>\n<meta property=\"article:modified_time\" content=\"2026-04-10T15:16:46+00:00\" \/>\n<meta property=\"og:image\" content=\"https:\/\/www.vestral.sk\/wp-content\/uploads\/2024\/12\/VESTRAL-1-3-e1736603458664.png\" \/>\n\t<meta property=\"og:image:width\" content=\"591\" \/>\n\t<meta property=\"og:image:height\" content=\"638\" \/>\n\t<meta property=\"og:image:type\" content=\"image\/png\" \/>\n<meta name=\"twitter:card\" content=\"summary_large_image\" \/>\n<meta name=\"twitter:label1\" content=\"Predpokladan\u00fd \u010das \u010d\u00edtania\" \/>\n\t<meta name=\"twitter:data1\" content=\"2 min\u00faty\" \/>\n<script type=\"application\/ld+json\" class=\"yoast-schema-graph\">{\"@context\":\"https:\\\/\\\/schema.org\",\"@graph\":[{\"@type\":\"WebPage\",\"@id\":\"https:\\\/\\\/www.vestral.sk\\\/index.php\\\/udrzba-webstranok\\\/\",\"url\":\"https:\\\/\\\/www.vestral.sk\\\/index.php\\\/udrzba-webstranok\\\/\",\"name\":\"\u00dadr\u017eba webstr\u00e1nok - Vestral\",\"isPartOf\":{\"@id\":\"https:\\\/\\\/www.vestral.sk\\\/#website\"},\"datePublished\":\"2025-12-04T17:22:01+00:00\",\"dateModified\":\"2026-04-10T15:16:46+00:00\",\"breadcrumb\":{\"@id\":\"https:\\\/\\\/www.vestral.sk\\\/index.php\\\/udrzba-webstranok\\\/#breadcrumb\"},\"inLanguage\":\"sk-SK\",\"potentialAction\":[{\"@type\":\"ReadAction\",\"target\":[\"https:\\\/\\\/www.vestral.sk\\\/index.php\\\/udrzba-webstranok\\\/\"]}]},{\"@type\":\"BreadcrumbList\",\"@id\":\"https:\\\/\\\/www.vestral.sk\\\/index.php\\\/udrzba-webstranok\\\/#breadcrumb\",\"itemListElement\":[{\"@type\":\"ListItem\",\"position\":1,\"name\":\"Domovsk\u00e1 str\u00e1nka\",\"item\":\"https:\\\/\\\/www.vestral.sk\\\/\"},{\"@type\":\"ListItem\",\"position\":2,\"name\":\"\u00dadr\u017eba webstr\u00e1nok\"}]},{\"@type\":\"WebSite\",\"@id\":\"https:\\\/\\\/www.vestral.sk\\\/#website\",\"url\":\"https:\\\/\\\/www.vestral.sk\\\/\",\"name\":\"Vestral\",\"description\":\"Inov\u00e1cia v ka\u017edom pixeli\",\"publisher\":{\"@id\":\"https:\\\/\\\/www.vestral.sk\\\/#organization\"},\"potentialAction\":[{\"@type\":\"SearchAction\",\"target\":{\"@type\":\"EntryPoint\",\"urlTemplate\":\"https:\\\/\\\/www.vestral.sk\\\/?s={search_term_string}\"},\"query-input\":{\"@type\":\"PropertyValueSpecification\",\"valueRequired\":true,\"valueName\":\"search_term_string\"}}],\"inLanguage\":\"sk-SK\"},{\"@type\":\"Organization\",\"@id\":\"https:\\\/\\\/www.vestral.sk\\\/#organization\",\"name\":\"Vestral\",\"url\":\"https:\\\/\\\/www.vestral.sk\\\/\",\"logo\":{\"@type\":\"ImageObject\",\"inLanguage\":\"sk-SK\",\"@id\":\"https:\\\/\\\/www.vestral.sk\\\/#\\\/schema\\\/logo\\\/image\\\/\",\"url\":\"https:\\\/\\\/www.vestral.sk\\\/wp-content\\\/uploads\\\/2026\\\/01\\\/VESTRAL-1-3-e1736603458664.webp\",\"contentUrl\":\"https:\\\/\\\/www.vestral.sk\\\/wp-content\\\/uploads\\\/2026\\\/01\\\/VESTRAL-1-3-e1736603458664.webp\",\"width\":111,\"height\":120,\"caption\":\"Vestral\"},\"image\":{\"@id\":\"https:\\\/\\\/www.vestral.sk\\\/#\\\/schema\\\/logo\\\/image\\\/\"}}]}<\/script>\n<!-- \/ Yoast SEO plugin. -->","yoast_head_json":{"title":"\u00dadr\u017eba webstr\u00e1nok - Vestral","robots":{"index":"index","follow":"follow","max-snippet":"max-snippet:-1","max-image-preview":"max-image-preview:large","max-video-preview":"max-video-preview:-1"},"canonical":"https:\/\/www.vestral.sk\/index.php\/udrzba-webstranok\/","og_locale":"sk_SK","og_type":"article","og_title":"\u00dadr\u017eba webstr\u00e1nok - Vestral","og_description":"Aby v\u00e1\u0161 web fungoval spo\u013eahlivo ka\u017ed\u00fd de\u0148. Star\u00e1m sa o to, aby bola va\u0161a str\u00e1nka [&hellip;]","og_url":"https:\/\/www.vestral.sk\/index.php\/udrzba-webstranok\/","og_site_name":"Vestral","article_modified_time":"2026-04-10T15:16:46+00:00","og_image":[{"width":591,"height":638,"url":"https:\/\/www.vestral.sk\/wp-content\/uploads\/2024\/12\/VESTRAL-1-3-e1736603458664.png","type":"image\/png"}],"twitter_card":"summary_large_image","twitter_misc":{"Predpokladan\u00fd \u010das \u010d\u00edtania":"2 min\u00faty"},"schema":{"@context":"https:\/\/schema.org","@graph":[{"@type":"WebPage","@id":"https:\/\/www.vestral.sk\/index.php\/udrzba-webstranok\/","url":"https:\/\/www.vestral.sk\/index.php\/udrzba-webstranok\/","name":"\u00dadr\u017eba webstr\u00e1nok - Vestral","isPartOf":{"@id":"https:\/\/www.vestral.sk\/#website"},"datePublished":"2025-12-04T17:22:01+00:00","dateModified":"2026-04-10T15:16:46+00:00","breadcrumb":{"@id":"https:\/\/www.vestral.sk\/index.php\/udrzba-webstranok\/#breadcrumb"},"inLanguage":"sk-SK","potentialAction":[{"@type":"ReadAction","target":["https:\/\/www.vestral.sk\/index.php\/udrzba-webstranok\/"]}]},{"@type":"BreadcrumbList","@id":"https:\/\/www.vestral.sk\/index.php\/udrzba-webstranok\/#breadcrumb","itemListElement":[{"@type":"ListItem","position":1,"name":"Domovsk\u00e1 str\u00e1nka","item":"https:\/\/www.vestral.sk\/"},{"@type":"ListItem","position":2,"name":"\u00dadr\u017eba webstr\u00e1nok"}]},{"@type":"WebSite","@id":"https:\/\/www.vestral.sk\/#website","url":"https:\/\/www.vestral.sk\/","name":"Vestral","description":"Inov\u00e1cia v ka\u017edom pixeli","publisher":{"@id":"https:\/\/www.vestral.sk\/#organization"},"potentialAction":[{"@type":"SearchAction","target":{"@type":"EntryPoint","urlTemplate":"https:\/\/www.vestral.sk\/?s={search_term_string}"},"query-input":{"@type":"PropertyValueSpecification","valueRequired":true,"valueName":"search_term_string"}}],"inLanguage":"sk-SK"},{"@type":"Organization","@id":"https:\/\/www.vestral.sk\/#organization","name":"Vestral","url":"https:\/\/www.vestral.sk\/","logo":{"@type":"ImageObject","inLanguage":"sk-SK","@id":"https:\/\/www.vestral.sk\/#\/schema\/logo\/image\/","url":"https:\/\/www.vestral.sk\/wp-content\/uploads\/2026\/01\/VESTRAL-1-3-e1736603458664.webp","contentUrl":"https:\/\/www.vestral.sk\/wp-content\/uploads\/2026\/01\/VESTRAL-1-3-e1736603458664.webp","width":111,"height":120,"caption":"Vestral"},"image":{"@id":"https:\/\/www.vestral.sk\/#\/schema\/logo\/image\/"}}]}},"_links":{"self":[{"href":"https:\/\/www.vestral.sk\/index.php\/wp-json\/wp\/v2\/pages\/7776","targetHints":{"allow":["GET"]}}],"collection":[{"href":"https:\/\/www.vestral.sk\/index.php\/wp-json\/wp\/v2\/pages"}],"about":[{"href":"https:\/\/www.vestral.sk\/index.php\/wp-json\/wp\/v2\/types\/page"}],"author":[{"embeddable":true,"href":"https:\/\/www.vestral.sk\/index.php\/wp-json\/wp\/v2\/users\/1"}],"replies":[{"embeddable":true,"href":"https:\/\/www.vestral.sk\/index.php\/wp-json\/wp\/v2\/comments?post=7776"}],"version-history":[{"count":0,"href":"https:\/\/www.vestral.sk\/index.php\/wp-json\/wp\/v2\/pages\/7776\/revisions"}],"wp:attachment":[{"href":"https:\/\/www.vestral.sk\/index.php\/wp-json\/wp\/v2\/media?parent=7776"}],"curies":[{"name":"wp","href":"https:\/\/api.w.org\/{rel}","templated":true}]}}