{"id":65,"date":"2024-12-13T15:44:37","date_gmt":"2024-12-13T14:44:37","guid":{"rendered":"https:\/\/www.vestral.sk\/?page_id=65"},"modified":"2026-02-02T09:16:30","modified_gmt":"2026-02-02T08:16:30","slug":"real","status":"publish","type":"page","link":"https:\/\/www.vestral.sk\/index.php\/real\/","title":{"rendered":"V \u010dom rob\u00edme?"},"content":{"rendered":"\n<div class=\"wp-block-group alignfull is-style-section-1 is-layout-constrained wp-container-core-group-is-layout-cdf985e3 wp-block-group-is-layout-constrained\" style=\"min-height:100vh;margin-top:0;margin-bottom:0;padding-top:var(--wp--preset--spacing--80);padding-right:var(--wp--preset--spacing--80);padding-bottom:var(--wp--preset--spacing--80);padding-left:var(--wp--preset--spacing--80)\">\n<h1 class=\"wp-block-heading has-text-align-center has-slider-title-font-size\"><strong>Pre\u010do staviame na WordPresse?<\/strong><\/h1>\n\n\n\n<div class=\"wp-block-columns alignwide are-vertically-aligned-center is-layout-flex wp-container-core-columns-is-layout-41859a5a wp-block-columns-is-layout-flex\">\n<div class=\"wp-block-column is-vertically-aligned-center is-layout-flow wp-block-column-is-layout-flow\">\n<figure class=\"wp-block-image aligncenter size-full has-custom-border\"><img fetchpriority=\"high\" decoding=\"async\" width=\"2200\" height=\"2200\" src=\"https:\/\/www.vestral.sk\/wp-content\/uploads\/2026\/02\/wired-outline-2579-logo-wordpress-hover-pinch.gif\" alt=\"\" class=\"wp-image-9395\" style=\"border-top-left-radius:150px;border-bottom-right-radius:150px;object-fit:cover\"\/><\/figure>\n<\/div>\n\n\n\n<div class=\"wp-block-column is-vertically-aligned-center is-layout-flow wp-block-column-is-layout-flow\">\n<div class=\"wp-block-group is-vertical is-content-justification-stretch is-layout-flex wp-container-core-group-is-layout-353c4f5a wp-block-group-is-layout-flex\">\n<h2 class=\"wp-block-heading has-text-align-left tw-block-animation tw-animation-fade-in-up\">Technol\u00f3gia bez limitov<\/h2>\n\n\n\n<p class=\"tw-block-animation tw-animation-fade-in-up\" style=\"--tw-animation-delay:0.3s;\">WordPress nie je len syst\u00e9m na blogovanie. V na\u0161ich ruk\u00e1ch je to nekompromisn\u00fd motor, na ktorom be\u017eia tie najv\u00e4\u010d\u0161ie weby sveta. Pou\u017e\u00edvame ho preto, lebo v\u00e1m d\u00e1va nie\u010do, \u010do v\u00e1m in\u00e9 syst\u00e9my nevezm\u00fa: <strong>Absol\u00fatnu slobodu.<\/strong><\/p>\n\n\n\n<h2 class=\"wp-block-heading\">Pre\u010do to rob\u00edme inak?<\/h2>\n\n\n\n<p>Nenahadzujeme hotov\u00e9 \u0161abl\u00f3ny. WordPress oh\u00fdbame tak, aby sl\u00fa\u017eil v\u00e1\u0161mu biznisu, nie naopak. Od dizajnu a\u017e po funkcie \u2013 ka\u017ed\u00fd detail lad\u00edme na mieru, aby web letel a vy ste mali pod palcom syst\u00e9m, ktor\u00fd pochop\u00edte za 5 min\u00fat.<\/p>\n\n\n\n<ul class=\"wp-block-list\">\n<li><strong>\u017diadne mesa\u010dn\u00e9 poplatky za pren\u00e1jom syst\u00e9mu.<\/strong> Web je v\u00e1\u0161.<\/li>\n\n\n\n<li><strong>\u0160k\u00e1lovate\u013enos\u0165.<\/strong> Dnes web, zajtra obrovsk\u00fd e-shop. WordPress to zvl\u00e1dne.<\/li>\n\n\n\n<li><strong>Svetov\u00e1 bezpe\u010dnos\u0165.<\/strong> V\u00e1\u0161 digit\u00e1lny majetok dr\u017e\u00edme pod z\u00e1mkom.<\/li>\n<\/ul>\n\n\n\n<h2 class=\"wp-block-heading\">Prekon\u00e1vame \u0161tandard<\/h2>\n\n\n\n<p>Na\u0161\u00edm cie\u013eom nie je len &#8222;urobi\u0165 web&#8220;. Na\u0161\u00edm cie\u013eom je da\u0165 v\u00e1m n\u00e1stroj, ktor\u00fd v\u00e1s posunie pred konkurenciu a u\u0161etr\u00ed v\u00e1m hodiny zbyto\u010dnej administrat\u00edvy.<\/p>\n<\/div>\n<\/div>\n<\/div>\n<\/div>\n\n\n\n<div class=\"wp-block-group alignfull has-background-background-color has-background is-layout-constrained wp-container-core-group-is-layout-955c507f wp-block-group-is-layout-constrained\" style=\"border-top-left-radius:50px;border-top-right-radius:50px;border-bottom-left-radius:50px;border-bottom-right-radius:50px;padding-top:100px;padding-right:30px;padding-bottom:100px;padding-left:30px\">\n<div class=\"wp-block-columns alignwide is-layout-flex wp-container-core-columns-is-layout-46db858a wp-block-columns-is-layout-flex\" style=\"padding-top:0;padding-right:0;padding-bottom:0;padding-left:0\">\n<div class=\"wp-block-column is-vertically-aligned-center is-layout-flow wp-block-column-is-layout-flow\" style=\"padding-top:40px;padding-right:40px;padding-bottom:40px;padding-left:40px\">\n<div class=\"wp-block-group alignwide is-layout-constrained wp-container-core-group-is-layout-26420631 wp-block-group-is-layout-constrained\">\n<h2 class=\"wp-block-heading has-slider-title-font-size\" style=\"font-style:normal;font-weight:600;text-transform:capitalize\"><strong>Pripraven\u00ed na web bez limitov?<\/strong><\/h2>\n\n\n\n<p>Nap\u00ed\u0161te n\u00e1m, \u010do pl\u00e1nujete, a my v\u00e1m uk\u00e1\u017eeme, ako vy\u017em\u00fdka\u0165 z technol\u00f3gi\u00ed maximum pre v\u00e1\u0161 biznis.<\/p>\n<\/div>\n<\/div>\n\n\n\n<div class=\"wp-block-column is-vertically-aligned-center is-layout-flow wp-block-column-is-layout-flow\" style=\"flex-basis:50%\">\n<div class=\"wp-block-contact-form-7-contact-form-selector\">\n<div class=\"wpcf7 no-js\" id=\"wpcf7-f95-o1\" lang=\"sk-SK\" dir=\"ltr\" data-wpcf7-id=\"95\">\n<div class=\"screen-reader-response\"><p role=\"status\" aria-live=\"polite\" aria-atomic=\"true\"><\/p> <ul><\/ul><\/div>\n<form action=\"\/index.php\/wp-json\/wp\/v2\/pages\/65#wpcf7-f95-o1\" method=\"post\" class=\"wpcf7-form init\" aria-label=\"Kontaktn\u00fd formul\u00e1r\" novalidate=\"novalidate\" data-status=\"init\">\n<fieldset class=\"hidden-fields-container\"><input type=\"hidden\" name=\"_wpcf7\" value=\"95\" \/><input type=\"hidden\" name=\"_wpcf7_version\" value=\"6.1.5\" \/><input type=\"hidden\" name=\"_wpcf7_locale\" value=\"sk_SK\" \/><input type=\"hidden\" name=\"_wpcf7_unit_tag\" value=\"wpcf7-f95-o1\" \/><input type=\"hidden\" name=\"_wpcf7_container_post\" value=\"0\" \/><input type=\"hidden\" name=\"_wpcf7_posted_data_hash\" value=\"\" \/><input type=\"hidden\" name=\"_wpcf7cf_hidden_group_fields\" value=\"[]\" \/><input type=\"hidden\" name=\"_wpcf7cf_hidden_groups\" value=\"[]\" \/><input type=\"hidden\" name=\"_wpcf7cf_visible_groups\" value=\"[]\" \/><input type=\"hidden\" name=\"_wpcf7cf_repeaters\" value=\"[]\" \/><input type=\"hidden\" name=\"_wpcf7cf_steps\" value=\"{}\" \/><input type=\"hidden\" name=\"_wpcf7cf_options\" value=\"{&quot;form_id&quot;:95,&quot;conditions&quot;:[{&quot;then_field&quot;:&quot;-1&quot;,&quot;and_rules&quot;:[{&quot;if_field&quot;:&quot;sluzba&quot;,&quot;operator&quot;:&quot;equals&quot;,&quot;if_value&quot;:&quot;\\&quot;Webov\\u00e1 str\\u00e1nka (WordPress)\\&quot; or \\&quot;Webov\\u00e1 str\\u00e1nka (Wix)\\&quot; or \\&quot;E-shop\\&quot; or \\&quot;Blog\\&quot;&quot;}]},{&quot;then_field&quot;:&quot;-1&quot;,&quot;and_rules&quot;:[{&quot;if_field&quot;:&quot;sluzba&quot;,&quot;operator&quot;:&quot;equals&quot;,&quot;if_value&quot;:&quot;\\&quot;Videoklip\\&quot;&quot;}]}],&quot;settings&quot;:{&quot;animation&quot;:&quot;yes&quot;,&quot;animation_intime&quot;:&quot;200&quot;,&quot;animation_outtime&quot;:&quot;200&quot;,&quot;conditions_ui&quot;:&quot;normal&quot;,&quot;notice_dismissed&quot;:&quot;&quot;,&quot;repeater_remove_button&quot;:&quot;bottom&quot;}}\" \/>\n<\/fieldset>\n<!-- V\u00fdber slu\u017eby -->\n<p><label>O ak\u00fa slu\u017ebu m\u00e1te z\u00e1ujem?*<br \/>\n<span class=\"wpcf7-form-control-wrap\" data-name=\"sluzba\"><select class=\"wpcf7-form-control wpcf7-select wpcf7-validates-as-required\" id=\"sluzba\" aria-required=\"true\" aria-invalid=\"false\" name=\"sluzba\"><option value=\"Vyberte mo\u017enos\u0165...\">Vyberte mo\u017enos\u0165...<\/option><option value=\"Webov\u00e1 str\u00e1nka (WordPress)\">Webov\u00e1 str\u00e1nka (WordPress)<\/option><option value=\"E-shop\">E-shop<\/option><option value=\"\u00dadr\u017eba webstr\u00e1nok\">\u00dadr\u017eba webstr\u00e1nok<\/option><option value=\"Idem sa poradi\u0165\">Idem sa poradi\u0165<\/option><\/select><\/span><br \/>\n<\/label>\n<\/p>\n\n\n\n<!-- Skryt\u00e1 \u010das\u0165 - odhal\u00ed sa a\u017e po v\u00fdbere slu\u017eby -->\n<div id=\"form-detail\" style=\"display: none;\">\n\t<p><label>Meno*<br \/>\n<span class=\"wpcf7-form-control-wrap\" data-name=\"meno\"><input size=\"40\" maxlength=\"400\" class=\"wpcf7-form-control wpcf7-text wpcf7-validates-as-required\" aria-required=\"true\" aria-invalid=\"false\" value=\"\" type=\"text\" name=\"meno\" \/><\/span> <\/label>\n\t<\/p>\n\t<p><label>E-Mail*<br \/>\n<span class=\"wpcf7-form-control-wrap\" data-name=\"email\"><input size=\"40\" maxlength=\"400\" class=\"wpcf7-form-control wpcf7-email wpcf7-validates-as-required wpcf7-text wpcf7-validates-as-email\" aria-required=\"true\" aria-invalid=\"false\" value=\"\" type=\"email\" name=\"email\" \/><\/span> <\/label>\n\t<\/p>\n\t<p><label>Telef\u00f3n*<br \/>\n<span class=\"wpcf7-form-control-wrap\" data-name=\"telefon\"><input size=\"40\" maxlength=\"400\" class=\"wpcf7-form-control wpcf7-tel wpcf7-validates-as-required wpcf7-text wpcf7-validates-as-tel\" aria-required=\"true\" aria-invalid=\"false\" value=\"\" type=\"tel\" name=\"telefon\" \/><\/span> <\/label>\n\t<\/p>\n\t<div id=\"budget-field\" style=\"display: none;\">\n\t\t<p><label>Ko\u013eko pl\u00e1nujete investova\u0165? (\u20ac)<br \/>\n<span class=\"wpcf7-form-control-wrap\" data-name=\"rozpocet\"><input class=\"wpcf7-form-control wpcf7-number wpcf7-validates-as-number\" id=\"rozpocet\" min=\"180\" aria-invalid=\"false\" value=\"\" type=\"number\" name=\"rozpocet\" \/><\/span> <\/label>\n\t\t<\/p>\n\t<\/div>\n\t<div id=\"udrzba-field\" style=\"display: none;\">\n\t\t<p><label>Bal\u00ed\u010dek<br \/>\n<span class=\"wpcf7-form-control-wrap\" data-name=\"balicek\"><select class=\"wpcf7-form-control wpcf7-select\" aria-invalid=\"false\" name=\"balicek\"><option value=\"Z\u00e1kladn\u00e1 \u00fadr\u017eba\">Z\u00e1kladn\u00e1 \u00fadr\u017eba<\/option><option value=\"\u0160tandardn\u00e1 \u00fadr\u017eba\">\u0160tandardn\u00e1 \u00fadr\u017eba<\/option><option value=\"Pr\u00e9miov\u00e1 \u00fadr\u017eba\">Pr\u00e9miov\u00e1 \u00fadr\u017eba<\/option><\/select><\/span> <\/label>\n\t\t<\/p>\n\t<\/div>\n\t<p><label>Spr\u00e1va<br \/>\n<span class=\"wpcf7-form-control-wrap\" data-name=\"sprava\"><textarea cols=\"40\" rows=\"10\" maxlength=\"2000\" class=\"wpcf7-form-control wpcf7-textarea\" aria-invalid=\"false\" name=\"sprava\"><\/textarea><\/span> <\/label>\n\t<\/p>\n\t<p><span class=\"wpcf7-form-control-wrap\" data-name=\"acceptance-651\"><span class=\"wpcf7-form-control wpcf7-acceptance\"><span class=\"wpcf7-list-item\"><label><input type=\"checkbox\" name=\"acceptance-651\" value=\"1\" aria-invalid=\"false\" \/><span class=\"wpcf7-list-item-label\">S\u00fahlas\u00edm so spracovan\u00edm osobn\u00fdch \u00fadajov<\/span><\/label><\/span><\/span><\/span>\n\t<\/p>\n\t<p><input class=\"wpcf7-form-control wpcf7-submit has-spinner\" type=\"submit\" value=\"Posla\u0165\" \/>\n\t<\/p>\n<\/div><div class=\"wpcf7-response-output\" aria-hidden=\"true\"><\/div>\n<\/form>\n<\/div>\n<\/div>\n<\/div>\n<\/div>\n<\/div>\n","protected":false},"excerpt":{"rendered":"<p>Pre\u010do staviame na WordPresse? Technol\u00f3gia bez limitov WordPress nie je len syst\u00e9m na blogovanie. V [&hellip;]<\/p>\n","protected":false},"author":1,"featured_media":0,"parent":0,"menu_order":0,"comment_status":"closed","ping_status":"closed","template":"","meta":{"om_disable_all_campaigns":false,"footnotes":""},"class_list":["post-65","page","type-page","status-publish","hentry"],"yoast_head":"<!-- This site is optimized with the Yoast SEO plugin v27.5 - https:\/\/yoast.com\/product\/yoast-seo-wordpress\/ -->\n<title>V \u010dom rob\u00edme? - Vestral<\/title>\n<meta name=\"robots\" content=\"index, follow, max-snippet:-1, max-image-preview:large, max-video-preview:-1\" \/>\n<link rel=\"canonical\" href=\"https:\/\/www.vestral.sk\/index.php\/real\/\" \/>\n<meta property=\"og:locale\" content=\"sk_SK\" \/>\n<meta property=\"og:type\" content=\"article\" \/>\n<meta property=\"og:title\" content=\"V \u010dom rob\u00edme? - Vestral\" \/>\n<meta property=\"og:description\" content=\"Pre\u010do staviame na WordPresse? Technol\u00f3gia bez limitov WordPress nie je len syst\u00e9m na blogovanie. V [&hellip;]\" \/>\n<meta property=\"og:url\" content=\"https:\/\/www.vestral.sk\/index.php\/real\/\" \/>\n<meta property=\"og:site_name\" content=\"Vestral\" \/>\n<meta property=\"article:modified_time\" content=\"2026-02-02T08:16:30+00:00\" \/>\n<meta property=\"og:image\" content=\"https:\/\/www.vestral.sk\/wp-content\/uploads\/2026\/02\/wired-outline-2579-logo-wordpress-hover-pinch-1024x1024.gif\" \/>\n\t<meta property=\"og:image:width\" content=\"1024\" \/>\n\t<meta property=\"og:image:height\" content=\"1024\" \/>\n\t<meta property=\"og:image:type\" content=\"image\/gif\" \/>\n<meta name=\"twitter:card\" content=\"summary_large_image\" \/>\n<meta name=\"twitter:label1\" content=\"Predpokladan\u00fd \u010das \u010d\u00edtania\" \/>\n\t<meta name=\"twitter:data1\" content=\"1 min\u00fata\" \/>\n<script type=\"application\/ld+json\" class=\"yoast-schema-graph\">{\"@context\":\"https:\\\/\\\/schema.org\",\"@graph\":[{\"@type\":\"WebPage\",\"@id\":\"https:\\\/\\\/www.vestral.sk\\\/index.php\\\/real\\\/\",\"url\":\"https:\\\/\\\/www.vestral.sk\\\/index.php\\\/real\\\/\",\"name\":\"V \u010dom rob\u00edme? - Vestral\",\"isPartOf\":{\"@id\":\"https:\\\/\\\/www.vestral.sk\\\/#website\"},\"primaryImageOfPage\":{\"@id\":\"https:\\\/\\\/www.vestral.sk\\\/index.php\\\/real\\\/#primaryimage\"},\"image\":{\"@id\":\"https:\\\/\\\/www.vestral.sk\\\/index.php\\\/real\\\/#primaryimage\"},\"thumbnailUrl\":\"https:\\\/\\\/www.vestral.sk\\\/wp-content\\\/uploads\\\/2026\\\/02\\\/wired-outline-2579-logo-wordpress-hover-pinch.gif\",\"datePublished\":\"2024-12-13T14:44:37+00:00\",\"dateModified\":\"2026-02-02T08:16:30+00:00\",\"breadcrumb\":{\"@id\":\"https:\\\/\\\/www.vestral.sk\\\/index.php\\\/real\\\/#breadcrumb\"},\"inLanguage\":\"sk-SK\",\"potentialAction\":[{\"@type\":\"ReadAction\",\"target\":[\"https:\\\/\\\/www.vestral.sk\\\/index.php\\\/real\\\/\"]}]},{\"@type\":\"ImageObject\",\"inLanguage\":\"sk-SK\",\"@id\":\"https:\\\/\\\/www.vestral.sk\\\/index.php\\\/real\\\/#primaryimage\",\"url\":\"https:\\\/\\\/www.vestral.sk\\\/wp-content\\\/uploads\\\/2026\\\/02\\\/wired-outline-2579-logo-wordpress-hover-pinch.gif\",\"contentUrl\":\"https:\\\/\\\/www.vestral.sk\\\/wp-content\\\/uploads\\\/2026\\\/02\\\/wired-outline-2579-logo-wordpress-hover-pinch.gif\",\"width\":2200,\"height\":2200},{\"@type\":\"BreadcrumbList\",\"@id\":\"https:\\\/\\\/www.vestral.sk\\\/index.php\\\/real\\\/#breadcrumb\",\"itemListElement\":[{\"@type\":\"ListItem\",\"position\":1,\"name\":\"Domovsk\u00e1 str\u00e1nka\",\"item\":\"https:\\\/\\\/www.vestral.sk\\\/\"},{\"@type\":\"ListItem\",\"position\":2,\"name\":\"V \u010dom rob\u00edme?\"}]},{\"@type\":\"WebSite\",\"@id\":\"https:\\\/\\\/www.vestral.sk\\\/#website\",\"url\":\"https:\\\/\\\/www.vestral.sk\\\/\",\"name\":\"Vestral\",\"description\":\"Inov\u00e1cia v ka\u017edom pixeli\",\"publisher\":{\"@id\":\"https:\\\/\\\/www.vestral.sk\\\/#organization\"},\"potentialAction\":[{\"@type\":\"SearchAction\",\"target\":{\"@type\":\"EntryPoint\",\"urlTemplate\":\"https:\\\/\\\/www.vestral.sk\\\/?s={search_term_string}\"},\"query-input\":{\"@type\":\"PropertyValueSpecification\",\"valueRequired\":true,\"valueName\":\"search_term_string\"}}],\"inLanguage\":\"sk-SK\"},{\"@type\":\"Organization\",\"@id\":\"https:\\\/\\\/www.vestral.sk\\\/#organization\",\"name\":\"Vestral\",\"url\":\"https:\\\/\\\/www.vestral.sk\\\/\",\"logo\":{\"@type\":\"ImageObject\",\"inLanguage\":\"sk-SK\",\"@id\":\"https:\\\/\\\/www.vestral.sk\\\/#\\\/schema\\\/logo\\\/image\\\/\",\"url\":\"https:\\\/\\\/www.vestral.sk\\\/wp-content\\\/uploads\\\/2026\\\/01\\\/VESTRAL-1-3-e1736603458664.webp\",\"contentUrl\":\"https:\\\/\\\/www.vestral.sk\\\/wp-content\\\/uploads\\\/2026\\\/01\\\/VESTRAL-1-3-e1736603458664.webp\",\"width\":111,\"height\":120,\"caption\":\"Vestral\"},\"image\":{\"@id\":\"https:\\\/\\\/www.vestral.sk\\\/#\\\/schema\\\/logo\\\/image\\\/\"}}]}<\/script>\n<!-- \/ Yoast SEO plugin. -->","yoast_head_json":{"title":"V \u010dom rob\u00edme? - Vestral","robots":{"index":"index","follow":"follow","max-snippet":"max-snippet:-1","max-image-preview":"max-image-preview:large","max-video-preview":"max-video-preview:-1"},"canonical":"https:\/\/www.vestral.sk\/index.php\/real\/","og_locale":"sk_SK","og_type":"article","og_title":"V \u010dom rob\u00edme? - Vestral","og_description":"Pre\u010do staviame na WordPresse? Technol\u00f3gia bez limitov WordPress nie je len syst\u00e9m na blogovanie. V [&hellip;]","og_url":"https:\/\/www.vestral.sk\/index.php\/real\/","og_site_name":"Vestral","article_modified_time":"2026-02-02T08:16:30+00:00","og_image":[{"width":1024,"height":1024,"url":"https:\/\/www.vestral.sk\/wp-content\/uploads\/2026\/02\/wired-outline-2579-logo-wordpress-hover-pinch-1024x1024.gif","type":"image\/gif"}],"twitter_card":"summary_large_image","twitter_misc":{"Predpokladan\u00fd \u010das \u010d\u00edtania":"1 min\u00fata"},"schema":{"@context":"https:\/\/schema.org","@graph":[{"@type":"WebPage","@id":"https:\/\/www.vestral.sk\/index.php\/real\/","url":"https:\/\/www.vestral.sk\/index.php\/real\/","name":"V \u010dom rob\u00edme? - Vestral","isPartOf":{"@id":"https:\/\/www.vestral.sk\/#website"},"primaryImageOfPage":{"@id":"https:\/\/www.vestral.sk\/index.php\/real\/#primaryimage"},"image":{"@id":"https:\/\/www.vestral.sk\/index.php\/real\/#primaryimage"},"thumbnailUrl":"https:\/\/www.vestral.sk\/wp-content\/uploads\/2026\/02\/wired-outline-2579-logo-wordpress-hover-pinch.gif","datePublished":"2024-12-13T14:44:37+00:00","dateModified":"2026-02-02T08:16:30+00:00","breadcrumb":{"@id":"https:\/\/www.vestral.sk\/index.php\/real\/#breadcrumb"},"inLanguage":"sk-SK","potentialAction":[{"@type":"ReadAction","target":["https:\/\/www.vestral.sk\/index.php\/real\/"]}]},{"@type":"ImageObject","inLanguage":"sk-SK","@id":"https:\/\/www.vestral.sk\/index.php\/real\/#primaryimage","url":"https:\/\/www.vestral.sk\/wp-content\/uploads\/2026\/02\/wired-outline-2579-logo-wordpress-hover-pinch.gif","contentUrl":"https:\/\/www.vestral.sk\/wp-content\/uploads\/2026\/02\/wired-outline-2579-logo-wordpress-hover-pinch.gif","width":2200,"height":2200},{"@type":"BreadcrumbList","@id":"https:\/\/www.vestral.sk\/index.php\/real\/#breadcrumb","itemListElement":[{"@type":"ListItem","position":1,"name":"Domovsk\u00e1 str\u00e1nka","item":"https:\/\/www.vestral.sk\/"},{"@type":"ListItem","position":2,"name":"V \u010dom rob\u00edme?"}]},{"@type":"WebSite","@id":"https:\/\/www.vestral.sk\/#website","url":"https:\/\/www.vestral.sk\/","name":"Vestral","description":"Inov\u00e1cia v ka\u017edom pixeli","publisher":{"@id":"https:\/\/www.vestral.sk\/#organization"},"potentialAction":[{"@type":"SearchAction","target":{"@type":"EntryPoint","urlTemplate":"https:\/\/www.vestral.sk\/?s={search_term_string}"},"query-input":{"@type":"PropertyValueSpecification","valueRequired":true,"valueName":"search_term_string"}}],"inLanguage":"sk-SK"},{"@type":"Organization","@id":"https:\/\/www.vestral.sk\/#organization","name":"Vestral","url":"https:\/\/www.vestral.sk\/","logo":{"@type":"ImageObject","inLanguage":"sk-SK","@id":"https:\/\/www.vestral.sk\/#\/schema\/logo\/image\/","url":"https:\/\/www.vestral.sk\/wp-content\/uploads\/2026\/01\/VESTRAL-1-3-e1736603458664.webp","contentUrl":"https:\/\/www.vestral.sk\/wp-content\/uploads\/2026\/01\/VESTRAL-1-3-e1736603458664.webp","width":111,"height":120,"caption":"Vestral"},"image":{"@id":"https:\/\/www.vestral.sk\/#\/schema\/logo\/image\/"}}]}},"_links":{"self":[{"href":"https:\/\/www.vestral.sk\/index.php\/wp-json\/wp\/v2\/pages\/65","targetHints":{"allow":["GET"]}}],"collection":[{"href":"https:\/\/www.vestral.sk\/index.php\/wp-json\/wp\/v2\/pages"}],"about":[{"href":"https:\/\/www.vestral.sk\/index.php\/wp-json\/wp\/v2\/types\/page"}],"author":[{"embeddable":true,"href":"https:\/\/www.vestral.sk\/index.php\/wp-json\/wp\/v2\/users\/1"}],"replies":[{"embeddable":true,"href":"https:\/\/www.vestral.sk\/index.php\/wp-json\/wp\/v2\/comments?post=65"}],"version-history":[{"count":0,"href":"https:\/\/www.vestral.sk\/index.php\/wp-json\/wp\/v2\/pages\/65\/revisions"}],"wp:attachment":[{"href":"https:\/\/www.vestral.sk\/index.php\/wp-json\/wp\/v2\/media?parent=65"}],"curies":[{"name":"wp","href":"https:\/\/api.w.org\/{rel}","templated":true}]}}