{"id":32,"date":"2025-01-18T09:27:26","date_gmt":"2025-01-18T08:27:26","guid":{"rendered":"https:\/\/www.vestral.sk\/futbal\/?page_id=32"},"modified":"2025-01-21T16:21:52","modified_gmt":"2025-01-21T15:21:52","slug":"prihlasit-sa-na-trening","status":"publish","type":"page","link":"https:\/\/www.vestral.sk\/futbal\/index.php\/prihlasit-sa-na-trening\/","title":{"rendered":"Prihl\u00e1si\u0165 sa na tr\u00e9ning"},"content":{"rendered":"\n<h2 class=\"wp-block-heading has-text-align-center tw-block-animation tw-animation-scale-in\">Prihl\u00e1ste sa na s\u00fakromn\u00fd tr\u00e9ning<\/h2>\n\n\n\n<div style=\"height:7px\" aria-hidden=\"true\" class=\"wp-block-spacer\"><\/div>\n\n\n\n<div class=\"wp-block-contact-form-7-contact-form-selector\">\n<div class=\"wpcf7 no-js\" id=\"wpcf7-f51-o1\" lang=\"sk-SK\" dir=\"ltr\" data-wpcf7-id=\"51\">\n<div class=\"screen-reader-response\"><p role=\"status\" aria-live=\"polite\" aria-atomic=\"true\"><\/p> <ul><\/ul><\/div>\n<form action=\"\/futbal\/index.php\/wp-json\/wp\/v2\/pages\/32#wpcf7-f51-o1\" method=\"post\" class=\"wpcf7-form init\" aria-label=\"Kontaktn\u00fd formul\u00e1r\" novalidate=\"novalidate\" data-status=\"init\">\n<div style=\"display: none;\">\n<input type=\"hidden\" name=\"_wpcf7\" value=\"51\" \/>\n<input type=\"hidden\" name=\"_wpcf7_version\" value=\"6.0.3\" \/>\n<input type=\"hidden\" name=\"_wpcf7_locale\" value=\"sk_SK\" \/>\n<input type=\"hidden\" name=\"_wpcf7_unit_tag\" value=\"wpcf7-f51-o1\" \/>\n<input type=\"hidden\" name=\"_wpcf7_container_post\" value=\"0\" \/>\n<input type=\"hidden\" name=\"_wpcf7_posted_data_hash\" value=\"\" \/>\n<\/div>\n<p><label> Va\u0161e meno*<br \/>\n<span class=\"wpcf7-form-control-wrap\" data-name=\"your-name\"><input size=\"40\" maxlength=\"400\" class=\"wpcf7-form-control wpcf7-text wpcf7-validates-as-required\" autocomplete=\"name\" aria-required=\"true\" aria-invalid=\"false\" value=\"\" type=\"text\" name=\"your-name\" \/><\/span> <\/label>\n<\/p>\n<p><label> V\u00e1\u0161 email*<br \/>\n<span class=\"wpcf7-form-control-wrap\" data-name=\"your-email\"><input size=\"40\" maxlength=\"400\" class=\"wpcf7-form-control wpcf7-email wpcf7-validates-as-required wpcf7-text wpcf7-validates-as-email\" autocomplete=\"email\" aria-required=\"true\" aria-invalid=\"false\" value=\"\" type=\"email\" name=\"your-email\" \/><\/span> <\/label>\n<\/p>\n<p><label>Vami vybran\u00e1 slu\u017eba*<br \/>\n<span class=\"wpcf7-form-control-wrap\" data-name=\"sluzbu\"><select class=\"wpcf7-form-control wpcf7-select wpcf7-validates-as-required\" aria-required=\"true\" aria-invalid=\"false\" name=\"sluzbu\"><option value=\"S\u00fakromn\u00fd futbalov\u00fd tr\u00e9ning\">S\u00fakromn\u00fd futbalov\u00fd tr\u00e9ning<\/option><option value=\"S\u00fakromn\u00fd pohovor\">S\u00fakromn\u00fd pohovor<\/option><option value=\"Viac futbalov\u00fdch tr\u00e9ningov s viacer\u00fdmi \u013eu\u010fmi\">Viac futbalov\u00fdch tr\u00e9ningov s viacer\u00fdmi \u013eu\u010fmi<\/option><\/select><\/span> <\/label>\n<\/p>\n<p><label> Va\u0161a spr\u00e1va (volite\u013en\u00e9)<br \/>\n<span class=\"wpcf7-form-control-wrap\" data-name=\"your-message\"><textarea cols=\"40\" rows=\"10\" maxlength=\"2000\" class=\"wpcf7-form-control wpcf7-textarea\" aria-invalid=\"false\" name=\"your-message\"><\/textarea><\/span> <\/label>\n<\/p>\n<p><input class=\"wpcf7-form-control wpcf7-submit has-spinner\" type=\"submit\" value=\"Odo\u0161lite kliknut\u00edm\" \/>\n<\/p><div class=\"wpcf7-response-output\" aria-hidden=\"true\"><\/div>\n<\/form>\n<\/div>\n<\/div>\n","protected":false},"excerpt":{"rendered":"<p>Prihl\u00e1ste sa na s\u00fakromn\u00fd tr\u00e9ning<\/p>\n","protected":false},"author":1,"featured_media":0,"parent":0,"menu_order":0,"comment_status":"closed","ping_status":"closed","template":"page-no-title","meta":{"footnotes":""},"class_list":["post-32","page","type-page","status-publish","hentry"],"_links":{"self":[{"href":"https:\/\/www.vestral.sk\/futbal\/index.php\/wp-json\/wp\/v2\/pages\/32","targetHints":{"allow":["GET"]}}],"collection":[{"href":"https:\/\/www.vestral.sk\/futbal\/index.php\/wp-json\/wp\/v2\/pages"}],"about":[{"href":"https:\/\/www.vestral.sk\/futbal\/index.php\/wp-json\/wp\/v2\/types\/page"}],"author":[{"embeddable":true,"href":"https:\/\/www.vestral.sk\/futbal\/index.php\/wp-json\/wp\/v2\/users\/1"}],"replies":[{"embeddable":true,"href":"https:\/\/www.vestral.sk\/futbal\/index.php\/wp-json\/wp\/v2\/comments?post=32"}],"version-history":[{"count":4,"href":"https:\/\/www.vestral.sk\/futbal\/index.php\/wp-json\/wp\/v2\/pages\/32\/revisions"}],"predecessor-version":[{"id":95,"href":"https:\/\/www.vestral.sk\/futbal\/index.php\/wp-json\/wp\/v2\/pages\/32\/revisions\/95"}],"wp:attachment":[{"href":"https:\/\/www.vestral.sk\/futbal\/index.php\/wp-json\/wp\/v2\/media?parent=32"}],"curies":[{"name":"wp","href":"https:\/\/api.w.org\/{rel}","templated":true}]}}