{"id":20,"date":"2025-01-17T16:52:10","date_gmt":"2025-01-17T15:52:10","guid":{"rendered":"https:\/\/www.vestral.sk\/futbal\/?page_id=20"},"modified":"2025-01-21T16:19:57","modified_gmt":"2025-01-21T15:19:57","slug":"o-nas","status":"publish","type":"page","link":"https:\/\/www.vestral.sk\/futbal\/index.php\/o-nas\/","title":{"rendered":"O n\u00e1s"},"content":{"rendered":"\n<p class=\"tw-block-animation tw-animation-scale-in\"><strong>Kto sme<\/strong><\/p>\n\n\n\n<p class=\"tw-block-animation tw-animation-fade-in\" style=\"--tw-animation-delay:0.3s;\">Sme nad\u0161en\u00ed futbalov\u00ed tr\u00e9neri a odborn\u00edci, ktor\u00ed veria v silu tr\u00e9ningu a t\u00edmovej pr\u00e1ce. Na\u0161\u00edm cie\u013eom je pom\u00f4c\u0165 hr\u00e1\u010dom v\u0161etk\u00fdch vekov\u00fdch kateg\u00f3ri\u00ed a \u00farovn\u00ed dosiahnu\u0165 svoj pln\u00fd potenci\u00e1l. V\u010faka na\u0161ej v\u00e1\u0161nivej oddanosti futbalu a na\u0161im bohat\u00fdm sk\u00fasenostiam sme tu, aby sme v\u00e1m pomohli zlep\u0161i\u0165 va\u0161e schopnosti a dosiahnu\u0165 \u00faspech.<\/p>\n\n\n\n<p class=\"tw-block-animation tw-animation-scale-in\"><strong>Na\u0161a misia<\/strong><\/p>\n\n\n\n<p class=\"tw-block-animation tw-animation-fade-in\" style=\"--tw-animation-delay:0.3s;\">Na\u0161ou misiou je prinies\u0165 profesion\u00e1lny futbalov\u00fd tr\u00e9ning a odborn\u00e9 vedenie ka\u017ed\u00e9mu hr\u00e1\u010dovi, ktor\u00fd m\u00e1 chu\u0165 sa zlep\u0161ova\u0165. Ver\u00edme, \u017ee s tvrdou pr\u00e1cou, spr\u00e1vnym pr\u00edstupom a kvalitn\u00fdm tr\u00e9ningom m\u00f4\u017ee ka\u017ed\u00fd dosiahnu\u0165 svoje futbalov\u00e9 sny.<\/p>\n\n\n\n<p class=\"tw-block-animation tw-animation-scale-in\"><strong>Na\u0161i tr\u00e9neri<\/strong><\/p>\n\n\n\n<p class=\"tw-block-animation tw-animation-fade-in\" style=\"--tw-animation-delay:0.3s;\">Na\u0161i tr\u00e9neri s\u00fa sk\u00fasen\u00ed odborn\u00edci s dlhoro\u010dn\u00fdmi sk\u00fasenos\u0165ami vo futbale. Ka\u017ed\u00fd z nich m\u00e1 v\u00e1\u0161e\u0148 pre hru a ne\u00fanavne pracuje na tom, aby v\u00e1m poskytol najlep\u0161\u00ed mo\u017en\u00fd tr\u00e9ning. Sme py\u0161n\u00ed na n\u00e1\u0161 t\u00edm, ktor\u00fd v\u017edy d\u00e1va prednos\u0165 individu\u00e1lnemu pr\u00edstupu a osobn\u00e9mu rozvoju ka\u017ed\u00e9ho hr\u00e1\u010da.<\/p>\n\n\n\n<p class=\"tw-block-animation tw-animation-scale-in\"><strong>Pre\u010do si n\u00e1s vybra\u0165?<\/strong><\/p>\n\n\n\n<ul class=\"wp-block-list\">\n<li class=\"tw-block-animation tw-animation-fade-in-up\" style=\"--tw-animation-delay:0.3s;\">Sk\u00fasen\u00ed tr\u00e9neri s v\u00e1\u0161e\u0148ou pre futbal<\/li>\n\n\n\n<li class=\"tw-block-animation tw-animation-fade-in-up\" style=\"--tw-animation-delay:0.6s;\">Personalizovan\u00e9 tr\u00e9ningov\u00e9 pl\u00e1ny na mieru<\/li>\n\n\n\n<li class=\"tw-block-animation tw-animation-fade-in-up\" style=\"--tw-animation-delay:0.9s;\">Komplexn\u00fd pr\u00edstup k tr\u00e9ningu<\/li>\n\n\n\n<li class=\"tw-block-animation tw-animation-fade-in-up\" style=\"--tw-animation-delay:1.2s;\">Podpora a priate\u013esk\u00e1 komunita<\/li>\n<\/ul>\n","protected":false},"excerpt":{"rendered":"<p>Kto sme Sme nad\u0161en\u00ed futbalov\u00ed tr\u00e9neri a odborn\u00edci, ktor\u00ed veria v silu tr\u00e9ningu a t\u00edmovej [&hellip;]<\/p>\n","protected":false},"author":1,"featured_media":0,"parent":0,"menu_order":0,"comment_status":"closed","ping_status":"closed","template":"","meta":{"footnotes":""},"class_list":["post-20","page","type-page","status-publish","hentry"],"_links":{"self":[{"href":"https:\/\/www.vestral.sk\/futbal\/index.php\/wp-json\/wp\/v2\/pages\/20","targetHints":{"allow":["GET"]}}],"collection":[{"href":"https:\/\/www.vestral.sk\/futbal\/index.php\/wp-json\/wp\/v2\/pages"}],"about":[{"href":"https:\/\/www.vestral.sk\/futbal\/index.php\/wp-json\/wp\/v2\/types\/page"}],"author":[{"embeddable":true,"href":"https:\/\/www.vestral.sk\/futbal\/index.php\/wp-json\/wp\/v2\/users\/1"}],"replies":[{"embeddable":true,"href":"https:\/\/www.vestral.sk\/futbal\/index.php\/wp-json\/wp\/v2\/comments?post=20"}],"version-history":[{"count":2,"href":"https:\/\/www.vestral.sk\/futbal\/index.php\/wp-json\/wp\/v2\/pages\/20\/revisions"}],"predecessor-version":[{"id":94,"href":"https:\/\/www.vestral.sk\/futbal\/index.php\/wp-json\/wp\/v2\/pages\/20\/revisions\/94"}],"wp:attachment":[{"href":"https:\/\/www.vestral.sk\/futbal\/index.php\/wp-json\/wp\/v2\/media?parent=20"}],"curies":[{"name":"wp","href":"https:\/\/api.w.org\/{rel}","templated":true}]}}