{"id":26,"date":"2024-12-25T16:42:58","date_gmt":"2024-12-25T15:42:58","guid":{"rendered":"https:\/\/www.vestral.sk\/blog\/?page_id=26"},"modified":"2024-12-25T16:42:58","modified_gmt":"2024-12-25T15:42:58","slug":"upozornenie","status":"publish","type":"page","link":"https:\/\/www.vestral.sk\/blog\/index.php\/upozornenie\/","title":{"rendered":"Upozornenie"},"content":{"rendered":"\n<h1 class=\"wp-block-heading has-text-align-center\"><strong>Upozornenie<\/strong><\/h1>\n\n\n\n<p class=\"has-text-align-center\"><strong>Upozornenie: Toto je iba uk\u00e1\u017ekov\u00fd web<\/strong><\/p>\n\n\n\n<p class=\"has-text-align-center\">T\u00e1to str\u00e1nka je vytvoren\u00e1 len na demon\u0161tra\u010dn\u00e9 \u00fa\u010dely a nesl\u00fa\u017ei na predaj re\u00e1lnych produktov ani poskytovanie slu\u017eieb. V\u0161etky inform\u00e1cie a obsah na tejto str\u00e1nke s\u00fa len fikt\u00edvne a pou\u017eit\u00e9 len na ilustr\u00e1ciu na\u0161ich technologick\u00fdch rie\u0161en\u00ed a mo\u017enost\u00ed.<\/p>\n\n\n\n<p class=\"has-text-align-center\"><strong>\u017diadne re\u00e1lne slu\u017eby ani produkty:<\/strong>&nbsp;Obsah tejto str\u00e1nky, vr\u00e1tane opisov slu\u017eieb, produktov a klientov, je \u010disto ilustrat\u00edvny a nereprezentuje \u017eiadne skuto\u010dn\u00e9 ponuky ani obchodn\u00e9 vz\u0165ahy.<\/p>\n\n\n\n<p class=\"has-text-align-center\"><strong>\u017diadne skuto\u010dn\u00e9 transakcie:<\/strong>&nbsp;Ak\u00e9ko\u013evek odkazy na objedn\u00e1vky, predaje alebo in\u00e9 komer\u010dn\u00e9 aktivity na tejto str\u00e1nke s\u00fa iba s\u00fa\u010das\u0165ou uk\u00e1\u017eky a nepredstavuj\u00fa re\u00e1lne transakcie.<\/p>\n","protected":false},"excerpt":{"rendered":"<p>Upozornenie Upozornenie: Toto je iba uk\u00e1\u017ekov\u00fd web T\u00e1to str\u00e1nka je vytvoren\u00e1 len na demon\u0161tra\u010dn\u00e9 \u00fa\u010dely a nesl\u00fa\u017ei na predaj re\u00e1lnych produktov ani poskytovanie slu\u017eieb. V\u0161etky inform\u00e1cie a obsah na tejto str\u00e1nke s\u00fa len fikt\u00edvne a pou\u017eit\u00e9 len na ilustr\u00e1ciu na\u0161ich technologick\u00fdch rie\u0161en\u00ed a mo\u017enost\u00ed. \u017diadne re\u00e1lne slu\u017eby ani produkty:&nbsp;Obsah tejto str\u00e1nky, vr\u00e1tane opisov slu\u017eieb, produktov [&hellip;]<\/p>\n","protected":false},"author":1,"featured_media":0,"parent":0,"menu_order":0,"comment_status":"closed","ping_status":"closed","template":"","meta":{"footnotes":""},"class_list":["post-26","page","type-page","status-publish","hentry"],"_links":{"self":[{"href":"https:\/\/www.vestral.sk\/blog\/index.php\/wp-json\/wp\/v2\/pages\/26","targetHints":{"allow":["GET"]}}],"collection":[{"href":"https:\/\/www.vestral.sk\/blog\/index.php\/wp-json\/wp\/v2\/pages"}],"about":[{"href":"https:\/\/www.vestral.sk\/blog\/index.php\/wp-json\/wp\/v2\/types\/page"}],"author":[{"embeddable":true,"href":"https:\/\/www.vestral.sk\/blog\/index.php\/wp-json\/wp\/v2\/users\/1"}],"replies":[{"embeddable":true,"href":"https:\/\/www.vestral.sk\/blog\/index.php\/wp-json\/wp\/v2\/comments?post=26"}],"version-history":[{"count":1,"href":"https:\/\/www.vestral.sk\/blog\/index.php\/wp-json\/wp\/v2\/pages\/26\/revisions"}],"predecessor-version":[{"id":29,"href":"https:\/\/www.vestral.sk\/blog\/index.php\/wp-json\/wp\/v2\/pages\/26\/revisions\/29"}],"wp:attachment":[{"href":"https:\/\/www.vestral.sk\/blog\/index.php\/wp-json\/wp\/v2\/media?parent=26"}],"curies":[{"name":"wp","href":"https:\/\/api.w.org\/{rel}","templated":true}]}}